{"id":48,"date":"2025-01-17T16:20:59","date_gmt":"2025-01-17T15:20:59","guid":{"rendered":"http:\/\/naissance-memoire.fr\/?page_id=48"},"modified":"2026-01-06T14:11:05","modified_gmt":"2026-01-06T13:11:05","slug":"a-propos","status":"publish","type":"page","link":"https:\/\/naissance-memoire.fr\/?page_id=48","title":{"rendered":"Ma Formation"},"content":{"rendered":"\n<div class=\"wp-block-media-text has-media-on-the-right is-stacked-on-mobile\" style=\"grid-template-columns:auto 22%\"><div class=\"wp-block-media-text__content\">\n<p><strong><mark style=\"background-color:rgba(0, 0, 0, 0)\" class=\"has-inline-color has-contrast-color\">FORMATION<\/mark> UNIVERSITAIRE<\/strong><\/p>\n\n\n\n<ul class=\"wp-block-list\">\n<li>UNIVERSITE de NIMES<br>J\u2019ai suivi une <strong>licence en psychologie<\/strong> offrant une formation g\u00e9n\u00e9rale solide. J\u2019y ai acquis les <strong>fondements essentiels de la discipline<\/strong> : psychologie du d\u00e9veloppement, neurobiologie, psychologie sociale, cognitive et clinique. Cette base plurielle m\u2019a permis de comprendre la richesse et la complexit\u00e9 du fonctionnement humain.<br>   <\/li>\n\n\n\n<li>UNIVERSITE de MONTPELLIER<br><strong>Master en Neuropsychologie et psychopathologie du sujet \u00e2g\u00e9<\/strong>. Cette formation m\u2019a apport\u00e9 des <strong>rep\u00e8res th\u00e9oriques approfondis<\/strong> dans une approche bio-psychosociale, int\u00e9grant les notions de <strong>neuropsychologie<\/strong>, de <strong>psychopathologie<\/strong>, de th\u00e9rapies comportementales et cognitives et de g\u00e9rontologie.<br>         <\/li>\n\n\n\n<li>UNIVERSITE de TOULOUSE<br>En 2014, j&rsquo;obtiens mon titre de psychologue clinicienne. Mon ann\u00e9e de <strong>master 2 <\/strong>m&rsquo;a permis d\u2019approfondir ma posture clinique vers une approche plus <strong>int\u00e9grative<\/strong>, enrichie par une <strong>connaissance fine des neurosciences<\/strong>. J\u2019y ai \u00e9galement renforc\u00e9 mon int\u00e9r\u00eat pour la <strong>pens\u00e9e syst\u00e9mique<\/strong>, essentielle selon moi pour comprendre les dynamiques relationnelles, familiales et sociales qui influencent le v\u00e9cu psychique.<br>           <\/li>\n\n\n\n<li>STAGES<br>Tout au long de ma formation et de mes exp\u00e9riences, j\u2019ai eu l\u2019opportunit\u00e9 d\u2019explorer des domaines compl\u00e9mentaires.<br>J&rsquo;ai pu int\u00e9grer le <strong>Service des troubles du sommeil<\/strong> de l\u2019<strong>H\u00f4pital Gui de Chauliac<\/strong> \u00e0 <strong>Montpellier<\/strong>. J&rsquo;ai rejoint les \u00e9quipes de <strong>la Croix Rouge<\/strong> en qualit\u00e9 de stagiaire et ai aussi accompagn\u00e9 les r\u00e9sidents long s\u00e9jour du <strong>CH de Muret<\/strong>, leurs familles et les \u00e9quipes.<br><\/li>\n\n\n\n<li>TRAVAIL DE RECHERCHE<br>Liens entre troubles du sommeil et sant\u00e9 mentale: <em>\u00ab\u00a0Pens\u00e9es contre productives et plainte d&rsquo;insomnie -\u00e9tude de corr\u00e9lats psychopathologiques et cognitifs-\u00a0\u00bb <\/em><\/li>\n<\/ul>\n<\/div><figure class=\"wp-block-media-text__media\"><img loading=\"lazy\" decoding=\"async\" width=\"657\" height=\"1024\" src=\"https:\/\/naissance-memoire.fr\/wp-content\/uploads\/2026\/01\/503C3B66-B495-4C71-B3EC-4A1559D1619A-657x1024.jpg\" alt=\"\" class=\"wp-image-354 size-full\" srcset=\"https:\/\/naissance-memoire.fr\/wp-content\/uploads\/2026\/01\/503C3B66-B495-4C71-B3EC-4A1559D1619A-657x1024.jpg 657w, https:\/\/naissance-memoire.fr\/wp-content\/uploads\/2026\/01\/503C3B66-B495-4C71-B3EC-4A1559D1619A-192x300.jpg 192w, https:\/\/naissance-memoire.fr\/wp-content\/uploads\/2026\/01\/503C3B66-B495-4C71-B3EC-4A1559D1619A-768x1197.jpg 768w, https:\/\/naissance-memoire.fr\/wp-content\/uploads\/2026\/01\/503C3B66-B495-4C71-B3EC-4A1559D1619A.jpg 809w\" sizes=\"auto, (max-width: 657px) 100vw, 657px\" \/><\/figure><\/div>\n\n\n\n<div class=\"wp-block-columns is-layout-flex wp-container-core-columns-is-layout-9d6595d7 wp-block-columns-is-layout-flex\">\n<div class=\"wp-block-column is-layout-flow wp-block-column-is-layout-flow\" style=\"flex-basis:100%\">\n<div class=\"wp-block-media-text has-media-on-the-right is-stacked-on-mobile\" style=\"grid-template-columns:auto 27%\"><div class=\"wp-block-media-text__content\">\n<p><strong>EXPERIENCE PRATIQUE<\/strong><\/p>\n\n\n\n<ul class=\"wp-block-list\">\n<li>LIBERAL<br>Aupr\u00e8s d&rsquo;enfants, d&rsquo;adolescents et d&rsquo;adulte. Accompagnement th\u00e9rapeutique.<\/li>\n\n\n\n<li>EHPAD (Etablissement d&rsquo;h\u00e9bergement pour personnes \u00e2g\u00e9es ou d\u00e9pendantes)<br>J\u2019ai accompagn\u00e9 des r\u00e9sidents dans une approche centr\u00e9e sur leur bien-\u00eatre, tout en soutenant les familles et les \u00e9quipes soignantes. J&rsquo;y ai \u00e9t\u00e9 form\u00e9 \u00e0 la <strong>m\u00e9thode Montessori <\/strong>afin de privil\u00e9gier l&rsquo;autonomie et le maintien du respect des choix des r\u00e9sidents que j&rsquo;ai accompagn\u00e9. Ces exp\u00e9riences ont renforc\u00e9 mon engagement \u00e0 proposer une prise en charge alliant rigueur scientifique et sensibilit\u00e9 humaine et \u00e0 travailler en pluridisciplinarit\u00e9 dans le respect de l&rsquo;\u00e9thique et de la d\u00e9ontologie.<\/li>\n<\/ul>\n\n\n\n<p><\/p>\n\n\n\n<p><strong>FORMATION CONTINUE<\/strong><\/p>\n\n\n\n<ul class=\"wp-block-list\">\n<li>DIU en PSYCHOPERINATALITE &#8211; Universit\u00e9 de LYON; Universit\u00e9 de MONTPELLIER 2022<br>Sensible aux liens familiaux et aux enjeux de la <strong>parentalit\u00e9<\/strong> , j\u2019ai enrichi mon parcours&nbsp;afin d\u2019offrir un soutien sp\u00e9cialis\u00e9 aux parents et futurs parents confront\u00e9s aux d\u00e9fis li\u00e9s \u00e0 la naissance et \u00e0 la parentalit\u00e9.<br><\/li>\n\n\n\n<li>UNIVERSITE de GENEVE &#8211; Vivre avec le TDAH \u00e0 travers les \u00e2ges 2024<br>Mon int\u00e9r\u00eat pour l\u2019accompagnement des familles m\u2019a conduit \u00e0 approfondir mes connaissances sur des th\u00e9matiques sp\u00e9cifiques, notamment le <strong>trouble du d\u00e9ficit de l\u2019attention avec ou sans hyperactivit\u00e9 (TDAH) <\/strong>et de continuer \u00e0 adapter mon approche pour proposer un accompagnement \u00e9clair\u00e9 et personnalis\u00e9.<\/li>\n<\/ul>\n<\/div><figure class=\"wp-block-media-text__media\"><img loading=\"lazy\" decoding=\"async\" width=\"512\" height=\"512\" src=\"https:\/\/naissance-memoire.fr\/wp-content\/uploads\/2025\/01\/cropped-cropped-logo-leger-2.png\" alt=\"\" class=\"wp-image-21 size-full\" srcset=\"https:\/\/naissance-memoire.fr\/wp-content\/uploads\/2025\/01\/cropped-cropped-logo-leger-2.png 512w, https:\/\/naissance-memoire.fr\/wp-content\/uploads\/2025\/01\/cropped-cropped-logo-leger-2-300x300.png 300w, https:\/\/naissance-memoire.fr\/wp-content\/uploads\/2025\/01\/cropped-cropped-logo-leger-2-150x150.png 150w, https:\/\/naissance-memoire.fr\/wp-content\/uploads\/2025\/01\/cropped-cropped-logo-leger-2-270x270.png 270w, https:\/\/naissance-memoire.fr\/wp-content\/uploads\/2025\/01\/cropped-cropped-logo-leger-2-192x192.png 192w, https:\/\/naissance-memoire.fr\/wp-content\/uploads\/2025\/01\/cropped-cropped-logo-leger-2-180x180.png 180w, https:\/\/naissance-memoire.fr\/wp-content\/uploads\/2025\/01\/cropped-cropped-logo-leger-2-32x32.png 32w\" sizes=\"auto, (max-width: 512px) 100vw, 512px\" \/><\/figure><\/div>\n\n\n\n<p class=\"has-text-align-center\"><\/p>\n<\/div>\n<\/div>\n\n\n\n<div class=\"wp-block-buttons is-content-justification-center is-layout-flex wp-container-core-buttons-is-layout-16018d1d wp-block-buttons-is-layout-flex\">\n<div class=\"wp-block-button\"><a class=\"wp-block-button__link wp-element-button\" href=\"https:\/\/calendly.com\/elodie-jean-psychologue\/seance-de-suivi\">Prendre rendez-vous<\/a><\/div>\n\n\n\n<div class=\"wp-block-button\"><a class=\"wp-block-button__link wp-element-button\" href=\"https:\/\/naissance-memoire.fr\/?page_id=202\">Motifs de consultation<\/a><\/div>\n<\/div>\n","protected":false},"excerpt":{"rendered":"<p>EXPERIENCE PRATIQUE FORMATION CONTINUE<\/p>\n","protected":false},"author":1,"featured_media":0,"parent":0,"menu_order":0,"comment_status":"closed","ping_status":"closed","template":"","meta":{"footnotes":"[]"},"class_list":["post-48","page","type-page","status-publish"],"yoast_head":"<!-- This site is optimized with the Yoast SEO plugin v26.6 - https:\/\/yoast.com\/wordpress\/plugins\/seo\/ -->\n<title>Ma Formation - Naissance et m\u00e9moire<\/title>\n<meta name=\"description\" content=\"psychologue clinicienne p\u00e9rinatalit\u00e9 et g\u00e9rontologie. Diplome universitaire. famille, parentalit\u00e9, m\u00e9moire, EHPAD, TDAH.\" \/>\n<meta name=\"robots\" content=\"index, follow, max-snippet:-1, max-image-preview:large, max-video-preview:-1\" \/>\n<link rel=\"canonical\" href=\"https:\/\/naissance-memoire.fr\/?page_id=48\" \/>\n<meta property=\"og:locale\" content=\"fr_FR\" \/>\n<meta property=\"og:type\" content=\"article\" \/>\n<meta property=\"og:title\" content=\"Ma Formation - Naissance et m\u00e9moire\" \/>\n<meta property=\"og:description\" content=\"psychologue clinicienne p\u00e9rinatalit\u00e9 et g\u00e9rontologie. Diplome universitaire. famille, parentalit\u00e9, m\u00e9moire, EHPAD, TDAH.\" \/>\n<meta property=\"og:url\" content=\"https:\/\/naissance-memoire.fr\/?page_id=48\" \/>\n<meta property=\"og:site_name\" content=\"Naissance et m\u00e9moire\" \/>\n<meta property=\"article:modified_time\" content=\"2026-01-06T13:11:05+00:00\" \/>\n<meta property=\"og:image\" content=\"https:\/\/naissance-memoire.fr\/wp-content\/uploads\/2026\/01\/503C3B66-B495-4C71-B3EC-4A1559D1619A.jpg\" \/>\n\t<meta property=\"og:image:width\" content=\"809\" \/>\n\t<meta property=\"og:image:height\" content=\"1261\" \/>\n\t<meta property=\"og:image:type\" content=\"image\/jpeg\" \/>\n<meta name=\"twitter:card\" content=\"summary_large_image\" \/>\n<meta name=\"twitter:label1\" content=\"Dur\u00e9e de lecture estim\u00e9e\" \/>\n\t<meta name=\"twitter:data1\" content=\"3 minutes\" \/>\n<script type=\"application\/ld+json\" class=\"yoast-schema-graph\">{\"@context\":\"https:\/\/schema.org\",\"@graph\":[{\"@type\":\"AdvertiserContentArticle\",\"@id\":\"https:\/\/naissance-memoire.fr\/?page_id=48#article\",\"isPartOf\":{\"@id\":\"https:\/\/naissance-memoire.fr\/?page_id=48\"},\"author\":{\"name\":\"elodie.jean\",\"@id\":\"https:\/\/naissance-memoire.fr\/#\/schema\/person\/10222aa8291c24675e3a0f3c74db9961\"},\"headline\":\"Ma Formation\",\"datePublished\":\"2025-01-17T15:20:59+00:00\",\"dateModified\":\"2026-01-06T13:11:05+00:00\",\"mainEntityOfPage\":{\"@id\":\"https:\/\/naissance-memoire.fr\/?page_id=48\"},\"wordCount\":495,\"publisher\":{\"@id\":\"https:\/\/naissance-memoire.fr\/#organization\"},\"image\":{\"@id\":\"https:\/\/naissance-memoire.fr\/?page_id=48#primaryimage\"},\"thumbnailUrl\":\"https:\/\/naissance-memoire.fr\/wp-content\/uploads\/2026\/01\/503C3B66-B495-4C71-B3EC-4A1559D1619A-657x1024.jpg\",\"inLanguage\":\"fr-FR\"},{\"@type\":[\"WebPage\",\"AboutPage\"],\"@id\":\"https:\/\/naissance-memoire.fr\/?page_id=48\",\"url\":\"https:\/\/naissance-memoire.fr\/?page_id=48\",\"name\":\"Ma Formation - Naissance et m\u00e9moire\",\"isPartOf\":{\"@id\":\"https:\/\/naissance-memoire.fr\/#website\"},\"primaryImageOfPage\":{\"@id\":\"https:\/\/naissance-memoire.fr\/?page_id=48#primaryimage\"},\"image\":{\"@id\":\"https:\/\/naissance-memoire.fr\/?page_id=48#primaryimage\"},\"thumbnailUrl\":\"https:\/\/naissance-memoire.fr\/wp-content\/uploads\/2026\/01\/503C3B66-B495-4C71-B3EC-4A1559D1619A-657x1024.jpg\",\"datePublished\":\"2025-01-17T15:20:59+00:00\",\"dateModified\":\"2026-01-06T13:11:05+00:00\",\"description\":\"psychologue clinicienne p\u00e9rinatalit\u00e9 et g\u00e9rontologie. Diplome universitaire. famille, parentalit\u00e9, m\u00e9moire, EHPAD, TDAH.\",\"breadcrumb\":{\"@id\":\"https:\/\/naissance-memoire.fr\/?page_id=48#breadcrumb\"},\"inLanguage\":\"fr-FR\",\"potentialAction\":[{\"@type\":\"ReadAction\",\"target\":[\"https:\/\/naissance-memoire.fr\/?page_id=48\"]}]},{\"@type\":\"ImageObject\",\"inLanguage\":\"fr-FR\",\"@id\":\"https:\/\/naissance-memoire.fr\/?page_id=48#primaryimage\",\"url\":\"https:\/\/naissance-memoire.fr\/wp-content\/uploads\/2026\/01\/503C3B66-B495-4C71-B3EC-4A1559D1619A.jpg\",\"contentUrl\":\"https:\/\/naissance-memoire.fr\/wp-content\/uploads\/2026\/01\/503C3B66-B495-4C71-B3EC-4A1559D1619A.jpg\",\"width\":809,\"height\":1261},{\"@type\":\"BreadcrumbList\",\"@id\":\"https:\/\/naissance-memoire.fr\/?page_id=48#breadcrumb\",\"itemListElement\":[{\"@type\":\"ListItem\",\"position\":1,\"name\":\"Accueil\",\"item\":\"https:\/\/naissance-memoire.fr\/\"},{\"@type\":\"ListItem\",\"position\":2,\"name\":\"Ma Formation\"}]},{\"@type\":\"WebSite\",\"@id\":\"https:\/\/naissance-memoire.fr\/#website\",\"url\":\"https:\/\/naissance-memoire.fr\/\",\"name\":\"Naissance et m\u00e9moire\",\"description\":\"Accompagner et soutenir chaque \u00e9tape de la vie\",\"publisher\":{\"@id\":\"https:\/\/naissance-memoire.fr\/#organization\"},\"potentialAction\":[{\"@type\":\"SearchAction\",\"target\":{\"@type\":\"EntryPoint\",\"urlTemplate\":\"https:\/\/naissance-memoire.fr\/?s={search_term_string}\"},\"query-input\":{\"@type\":\"PropertyValueSpecification\",\"valueRequired\":true,\"valueName\":\"search_term_string\"}}],\"inLanguage\":\"fr-FR\"},{\"@type\":\"Organization\",\"@id\":\"https:\/\/naissance-memoire.fr\/#organization\",\"name\":\"Naissance et m\u00e9moire\",\"url\":\"https:\/\/naissance-memoire.fr\/\",\"logo\":{\"@type\":\"ImageObject\",\"inLanguage\":\"fr-FR\",\"@id\":\"https:\/\/naissance-memoire.fr\/#\/schema\/logo\/image\/\",\"url\":\"https:\/\/naissance-memoire.fr\/wp-content\/uploads\/2025\/01\/cropped-cropped-logo-leger-2-1.png\",\"contentUrl\":\"https:\/\/naissance-memoire.fr\/wp-content\/uploads\/2025\/01\/cropped-cropped-logo-leger-2-1.png\",\"width\":1125,\"height\":1106,\"caption\":\"Naissance et m\u00e9moire \"},\"image\":{\"@id\":\"https:\/\/naissance-memoire.fr\/#\/schema\/logo\/image\/\"}},{\"@type\":\"Person\",\"@id\":\"https:\/\/naissance-memoire.fr\/#\/schema\/person\/10222aa8291c24675e3a0f3c74db9961\",\"name\":\"elodie.jean\",\"image\":{\"@type\":\"ImageObject\",\"inLanguage\":\"fr-FR\",\"@id\":\"https:\/\/naissance-memoire.fr\/#\/schema\/person\/image\/\",\"url\":\"https:\/\/secure.gravatar.com\/avatar\/8556247171b24b5145d2f3311ed688a0d0c087f2a7a0a4657f7ec068126492f3?s=96&d=mm&r=g\",\"contentUrl\":\"https:\/\/secure.gravatar.com\/avatar\/8556247171b24b5145d2f3311ed688a0d0c087f2a7a0a4657f7ec068126492f3?s=96&d=mm&r=g\",\"caption\":\"elodie.jean\"},\"sameAs\":[\"http:\/\/naissance-memoire.fr\"],\"url\":\"https:\/\/naissance-memoire.fr\/?author=1\"}]}<\/script>\n<!-- \/ Yoast SEO plugin. -->","yoast_head_json":{"title":"Ma Formation - Naissance et m\u00e9moire","description":"psychologue clinicienne p\u00e9rinatalit\u00e9 et g\u00e9rontologie. Diplome universitaire. famille, parentalit\u00e9, m\u00e9moire, EHPAD, TDAH.","robots":{"index":"index","follow":"follow","max-snippet":"max-snippet:-1","max-image-preview":"max-image-preview:large","max-video-preview":"max-video-preview:-1"},"canonical":"https:\/\/naissance-memoire.fr\/?page_id=48","og_locale":"fr_FR","og_type":"article","og_title":"Ma Formation - Naissance et m\u00e9moire","og_description":"psychologue clinicienne p\u00e9rinatalit\u00e9 et g\u00e9rontologie. Diplome universitaire. famille, parentalit\u00e9, m\u00e9moire, EHPAD, TDAH.","og_url":"https:\/\/naissance-memoire.fr\/?page_id=48","og_site_name":"Naissance et m\u00e9moire","article_modified_time":"2026-01-06T13:11:05+00:00","og_image":[{"width":809,"height":1261,"url":"https:\/\/naissance-memoire.fr\/wp-content\/uploads\/2026\/01\/503C3B66-B495-4C71-B3EC-4A1559D1619A.jpg","type":"image\/jpeg"}],"twitter_card":"summary_large_image","twitter_misc":{"Dur\u00e9e de lecture estim\u00e9e":"3 minutes"},"schema":{"@context":"https:\/\/schema.org","@graph":[{"@type":"AdvertiserContentArticle","@id":"https:\/\/naissance-memoire.fr\/?page_id=48#article","isPartOf":{"@id":"https:\/\/naissance-memoire.fr\/?page_id=48"},"author":{"name":"elodie.jean","@id":"https:\/\/naissance-memoire.fr\/#\/schema\/person\/10222aa8291c24675e3a0f3c74db9961"},"headline":"Ma Formation","datePublished":"2025-01-17T15:20:59+00:00","dateModified":"2026-01-06T13:11:05+00:00","mainEntityOfPage":{"@id":"https:\/\/naissance-memoire.fr\/?page_id=48"},"wordCount":495,"publisher":{"@id":"https:\/\/naissance-memoire.fr\/#organization"},"image":{"@id":"https:\/\/naissance-memoire.fr\/?page_id=48#primaryimage"},"thumbnailUrl":"https:\/\/naissance-memoire.fr\/wp-content\/uploads\/2026\/01\/503C3B66-B495-4C71-B3EC-4A1559D1619A-657x1024.jpg","inLanguage":"fr-FR"},{"@type":["WebPage","AboutPage"],"@id":"https:\/\/naissance-memoire.fr\/?page_id=48","url":"https:\/\/naissance-memoire.fr\/?page_id=48","name":"Ma Formation - Naissance et m\u00e9moire","isPartOf":{"@id":"https:\/\/naissance-memoire.fr\/#website"},"primaryImageOfPage":{"@id":"https:\/\/naissance-memoire.fr\/?page_id=48#primaryimage"},"image":{"@id":"https:\/\/naissance-memoire.fr\/?page_id=48#primaryimage"},"thumbnailUrl":"https:\/\/naissance-memoire.fr\/wp-content\/uploads\/2026\/01\/503C3B66-B495-4C71-B3EC-4A1559D1619A-657x1024.jpg","datePublished":"2025-01-17T15:20:59+00:00","dateModified":"2026-01-06T13:11:05+00:00","description":"psychologue clinicienne p\u00e9rinatalit\u00e9 et g\u00e9rontologie. Diplome universitaire. famille, parentalit\u00e9, m\u00e9moire, EHPAD, TDAH.","breadcrumb":{"@id":"https:\/\/naissance-memoire.fr\/?page_id=48#breadcrumb"},"inLanguage":"fr-FR","potentialAction":[{"@type":"ReadAction","target":["https:\/\/naissance-memoire.fr\/?page_id=48"]}]},{"@type":"ImageObject","inLanguage":"fr-FR","@id":"https:\/\/naissance-memoire.fr\/?page_id=48#primaryimage","url":"https:\/\/naissance-memoire.fr\/wp-content\/uploads\/2026\/01\/503C3B66-B495-4C71-B3EC-4A1559D1619A.jpg","contentUrl":"https:\/\/naissance-memoire.fr\/wp-content\/uploads\/2026\/01\/503C3B66-B495-4C71-B3EC-4A1559D1619A.jpg","width":809,"height":1261},{"@type":"BreadcrumbList","@id":"https:\/\/naissance-memoire.fr\/?page_id=48#breadcrumb","itemListElement":[{"@type":"ListItem","position":1,"name":"Accueil","item":"https:\/\/naissance-memoire.fr\/"},{"@type":"ListItem","position":2,"name":"Ma Formation"}]},{"@type":"WebSite","@id":"https:\/\/naissance-memoire.fr\/#website","url":"https:\/\/naissance-memoire.fr\/","name":"Naissance et m\u00e9moire","description":"Accompagner et soutenir chaque \u00e9tape de la vie","publisher":{"@id":"https:\/\/naissance-memoire.fr\/#organization"},"potentialAction":[{"@type":"SearchAction","target":{"@type":"EntryPoint","urlTemplate":"https:\/\/naissance-memoire.fr\/?s={search_term_string}"},"query-input":{"@type":"PropertyValueSpecification","valueRequired":true,"valueName":"search_term_string"}}],"inLanguage":"fr-FR"},{"@type":"Organization","@id":"https:\/\/naissance-memoire.fr\/#organization","name":"Naissance et m\u00e9moire","url":"https:\/\/naissance-memoire.fr\/","logo":{"@type":"ImageObject","inLanguage":"fr-FR","@id":"https:\/\/naissance-memoire.fr\/#\/schema\/logo\/image\/","url":"https:\/\/naissance-memoire.fr\/wp-content\/uploads\/2025\/01\/cropped-cropped-logo-leger-2-1.png","contentUrl":"https:\/\/naissance-memoire.fr\/wp-content\/uploads\/2025\/01\/cropped-cropped-logo-leger-2-1.png","width":1125,"height":1106,"caption":"Naissance et m\u00e9moire "},"image":{"@id":"https:\/\/naissance-memoire.fr\/#\/schema\/logo\/image\/"}},{"@type":"Person","@id":"https:\/\/naissance-memoire.fr\/#\/schema\/person\/10222aa8291c24675e3a0f3c74db9961","name":"elodie.jean","image":{"@type":"ImageObject","inLanguage":"fr-FR","@id":"https:\/\/naissance-memoire.fr\/#\/schema\/person\/image\/","url":"https:\/\/secure.gravatar.com\/avatar\/8556247171b24b5145d2f3311ed688a0d0c087f2a7a0a4657f7ec068126492f3?s=96&d=mm&r=g","contentUrl":"https:\/\/secure.gravatar.com\/avatar\/8556247171b24b5145d2f3311ed688a0d0c087f2a7a0a4657f7ec068126492f3?s=96&d=mm&r=g","caption":"elodie.jean"},"sameAs":["http:\/\/naissance-memoire.fr"],"url":"https:\/\/naissance-memoire.fr\/?author=1"}]}},"_links":{"self":[{"href":"https:\/\/naissance-memoire.fr\/index.php?rest_route=\/wp\/v2\/pages\/48","targetHints":{"allow":["GET"]}}],"collection":[{"href":"https:\/\/naissance-memoire.fr\/index.php?rest_route=\/wp\/v2\/pages"}],"about":[{"href":"https:\/\/naissance-memoire.fr\/index.php?rest_route=\/wp\/v2\/types\/page"}],"author":[{"embeddable":true,"href":"https:\/\/naissance-memoire.fr\/index.php?rest_route=\/wp\/v2\/users\/1"}],"replies":[{"embeddable":true,"href":"https:\/\/naissance-memoire.fr\/index.php?rest_route=%2Fwp%2Fv2%2Fcomments&post=48"}],"version-history":[{"count":27,"href":"https:\/\/naissance-memoire.fr\/index.php?rest_route=\/wp\/v2\/pages\/48\/revisions"}],"predecessor-version":[{"id":355,"href":"https:\/\/naissance-memoire.fr\/index.php?rest_route=\/wp\/v2\/pages\/48\/revisions\/355"}],"wp:attachment":[{"href":"https:\/\/naissance-memoire.fr\/index.php?rest_route=%2Fwp%2Fv2%2Fmedia&parent=48"}],"curies":[{"name":"wp","href":"https:\/\/api.w.org\/{rel}","templated":true}]}}