{"id":35,"date":"2025-01-09T22:20:58","date_gmt":"2025-01-09T21:20:58","guid":{"rendered":"http:\/\/naissance-memoire.fr\/?page_id=35"},"modified":"2025-04-07T23:53:06","modified_gmt":"2025-04-07T21:53:06","slug":"mentions-legales","status":"publish","type":"page","link":"https:\/\/naissance-memoire.fr\/?page_id=35","title":{"rendered":"Mentions L\u00e9gales"},"content":{"rendered":"\n<p class=\"has-small-font-size\"><strong>\u00c9diteur du site<br><\/strong>Ce site est \u00e9dit\u00e9 par :<br>\u00a0\u00a0\u00a0\u00a0\u2022\u00a0\u00a0\u00a0\u00a0<strong>Nom<\/strong> : \u00c9lodie JEAN<br>\u00a0\u00a0\u00a0\u00a0\u2022\u00a0\u00a0\u00a0\u00a0<strong>Activit\u00e9<\/strong> : Psychologue clinicienne &#8211; Psychoth\u00e9rapeute sp\u00e9cialis\u00e9e en p\u00e9rinatalit\u00e9 et g\u00e9rontologie.<br>\u00a0\u00a0\u00a0\u00a0\u2022\u00a0\u00a0\u00a0\u00a0<strong>Adresse e-mail :<\/strong> elodie.jean@naissance-memoire.fr<br>\u00a0\u00a0\u00a0\u00a0\u2022\u00a0\u00a0\u00a0\u00a0<strong>Autorit\u00e9 de r\u00e9gulation : <\/strong>Activit\u00e9 r\u00e9glement\u00e9e par l\u2019Agence R\u00e9gionale de Sant\u00e9 (ARS) N\u00b0RPPS 10008747254<\/p>\n\n\n\n<p class=\"has-small-font-size\"><strong>H\u00e9bergeur<\/strong><br>Le site est h\u00e9berg\u00e9 par :<br>&nbsp;&nbsp;&nbsp;&nbsp;\u2022&nbsp;&nbsp;&nbsp;&nbsp;<strong>OVH<\/strong><br>&nbsp;&nbsp;&nbsp;&nbsp;\u2022&nbsp;&nbsp;&nbsp;&nbsp;<strong>Adresse<\/strong> : 2 rue Kellermann, 59100 Roubaix, France<br>&nbsp;&nbsp;&nbsp;&nbsp;\u2022&nbsp;&nbsp;&nbsp;&nbsp;<strong>T\u00e9l\u00e9phone :<\/strong> 1007 (depuis la France)<\/p>\n\n\n\n<p class=\"has-small-font-size\"><strong>Collecte et utilisation des donn\u00e9es personnelles<\/strong><br>&nbsp;&nbsp;&nbsp;&nbsp;\u2022&nbsp;&nbsp;&nbsp;&nbsp;<strong>Navigation<\/strong> : Les donn\u00e9es de navigation ne sont pas collect\u00e9es sur ce site.<br>&nbsp;&nbsp;&nbsp;&nbsp;\u2022&nbsp;&nbsp;&nbsp;&nbsp;<strong>Formulaire de contact <\/strong>: Les coordonn\u00e9es des personnes qui prennent contact via ce site (nom, pr\u00e9nom, adresse e-mail, t\u00e9l\u00e9phone) sont conserv\u00e9es uniquement par \u00c9lodie JEAN dans le but de r\u00e9pondre aux demandes. Ces donn\u00e9es sont utilis\u00e9es exclusivement par \u00c9lodie JEAN et ne sont jamais transmises \u00e0 des tiers. Elles sont conserv\u00e9es pendant une dur\u00e9e maximale d\u2019un an.<\/p>\n\n\n\n<p class=\"has-small-font-size\"><strong>Droits des utilisateurs<\/strong><br>Conform\u00e9ment \u00e0 la r\u00e9glementation en vigueur (RGPD et Loi Informatique et Libert\u00e9s), vous disposez d\u2019un droit d\u2019acc\u00e8s, de rectification, de suppression et de limitation du traitement de vos donn\u00e9es personnelles.<br>Pour exercer vos droits, vous pouvez me contacter \u00e0 l\u2019adresse suivante : postmaster@naissance-memoire.fr<\/p>\n\n\n\n<p class=\"has-small-font-size\"><strong>Propri\u00e9t\u00e9 intellectuelle<br><\/strong>L\u2019ensemble des contenus pr\u00e9sents sur ce site, incluant, sans s&rsquo;y limiter, le logo, le nom <em>naissance et m\u00e9moire<\/em>, les photos, le texte, les graphismes et tout autre contenu est prot\u00e9g\u00e9 par le droit de la propri\u00e9t\u00e9 intellectuelle et sont la propri\u00e9t\u00e9 exclusive d&rsquo;Elodie JEAN. Toute reproduction, repr\u00e9sentation, modification, distribution ou utilisation totale ou partielle sans autorisation \u00e9crite pr\u00e9alable est strictement interdite.<br>En cas d&rsquo;utilisation non autoris\u00e9e ou de violation de ces droits, des poursuites judiciaires pourront \u00eatre engag\u00e9es conform\u00e9ment aux dispositions du Code de la propri\u00e9t\u00e9 intellectuelle et des lois en vigueur.<\/p>\n\n\n\n<p class=\"has-small-font-size\"><strong>Responsabilit\u00e9<\/strong><br>\u00c9lodie JEAN s\u2019efforce d\u2019assurer au mieux l\u2019exactitude des informations pr\u00e9sentes sur le site. Toutefois, aucune garantie n\u2019est donn\u00e9e quant \u00e0 l\u2019exhaustivit\u00e9 des informations.<\/p>\n\n\n\n<p class=\"has-small-font-size\"><strong>Contact<\/strong><br>Pour toute question relative au site ou aux mentions l\u00e9gales, vous pouvez me contacter \u00e0 :<br>&nbsp;&nbsp;&nbsp;&nbsp;\u2022&nbsp;&nbsp;&nbsp;&nbsp;Adresse e-mail : postmaster@naissance-memoire.fr<\/p>\n","protected":false},"excerpt":{"rendered":"<p>\u00c9diteur du siteCe site est \u00e9dit\u00e9 par :\u00a0\u00a0\u00a0\u00a0\u2022\u00a0\u00a0\u00a0\u00a0Nom : \u00c9lodie JEAN\u00a0\u00a0\u00a0\u00a0\u2022\u00a0\u00a0\u00a0\u00a0Activit\u00e9 : Psychologue clinicienne &#8211; Psychoth\u00e9rapeute sp\u00e9cialis\u00e9e en p\u00e9rinatalit\u00e9 et g\u00e9rontologie.\u00a0\u00a0\u00a0\u00a0\u2022\u00a0\u00a0\u00a0\u00a0Adresse e-mail : elodie.jean@naissance-memoire.fr\u00a0\u00a0\u00a0\u00a0\u2022\u00a0\u00a0\u00a0\u00a0Autorit\u00e9 de r\u00e9gulation : Activit\u00e9 r\u00e9glement\u00e9e par l\u2019Agence R\u00e9gionale de Sant\u00e9 (ARS) N\u00b0RPPS 10008747254 H\u00e9bergeurLe site est h\u00e9berg\u00e9 par :&nbsp;&nbsp;&nbsp;&nbsp;\u2022&nbsp;&nbsp;&nbsp;&nbsp;OVH&nbsp;&nbsp;&nbsp;&nbsp;\u2022&nbsp;&nbsp;&nbsp;&nbsp;Adresse : 2 rue Kellermann, 59100 Roubaix, France&nbsp;&nbsp;&nbsp;&nbsp;\u2022&nbsp;&nbsp;&nbsp;&nbsp;T\u00e9l\u00e9phone : 1007 (depuis la France) &#8230; <a title=\"Mentions L\u00e9gales\" class=\"read-more\" href=\"https:\/\/naissance-memoire.fr\/?page_id=35\" aria-label=\"En savoir plus sur Mentions L\u00e9gales\">Lire la suite<\/a><\/p>\n","protected":false},"author":1,"featured_media":0,"parent":0,"menu_order":0,"comment_status":"closed","ping_status":"closed","template":"","meta":{"footnotes":""},"class_list":["post-35","page","type-page","status-publish"],"yoast_head":"<!-- This site is optimized with the Yoast SEO plugin v26.6 - https:\/\/yoast.com\/wordpress\/plugins\/seo\/ -->\n<title>Mentions L\u00e9gales - Naissance et m\u00e9moire<\/title>\n<meta name=\"description\" content=\"mentions l\u00e9gales propri\u00e9t\u00e9 intellectuelle RGPD contact postmaster h\u00e9bergeur entreprise cadre l\u00e9gal ARS RPPS\" \/>\n<meta name=\"robots\" content=\"index, follow, max-snippet:-1, max-image-preview:large, max-video-preview:-1\" \/>\n<link rel=\"canonical\" href=\"https:\/\/naissance-memoire.fr\/?page_id=35\" \/>\n<meta property=\"og:locale\" content=\"fr_FR\" \/>\n<meta property=\"og:type\" content=\"article\" \/>\n<meta property=\"og:title\" content=\"Mentions L\u00e9gales - Naissance et m\u00e9moire\" \/>\n<meta property=\"og:description\" content=\"mentions l\u00e9gales propri\u00e9t\u00e9 intellectuelle RGPD contact postmaster h\u00e9bergeur entreprise cadre l\u00e9gal ARS RPPS\" \/>\n<meta property=\"og:url\" content=\"https:\/\/naissance-memoire.fr\/?page_id=35\" \/>\n<meta property=\"og:site_name\" content=\"Naissance et m\u00e9moire\" \/>\n<meta property=\"article:modified_time\" content=\"2025-04-07T21:53:06+00:00\" \/>\n<meta name=\"twitter:card\" content=\"summary_large_image\" \/>\n<meta name=\"twitter:label1\" content=\"Dur\u00e9e de lecture estim\u00e9e\" \/>\n\t<meta name=\"twitter:data1\" content=\"2 minutes\" \/>\n<script type=\"application\/ld+json\" class=\"yoast-schema-graph\">{\"@context\":\"https:\/\/schema.org\",\"@graph\":[{\"@type\":\"WebPage\",\"@id\":\"https:\/\/naissance-memoire.fr\/?page_id=35\",\"url\":\"https:\/\/naissance-memoire.fr\/?page_id=35\",\"name\":\"Mentions L\u00e9gales - Naissance et m\u00e9moire\",\"isPartOf\":{\"@id\":\"https:\/\/naissance-memoire.fr\/#website\"},\"datePublished\":\"2025-01-09T21:20:58+00:00\",\"dateModified\":\"2025-04-07T21:53:06+00:00\",\"description\":\"mentions l\u00e9gales propri\u00e9t\u00e9 intellectuelle RGPD contact postmaster h\u00e9bergeur entreprise cadre l\u00e9gal ARS RPPS\",\"breadcrumb\":{\"@id\":\"https:\/\/naissance-memoire.fr\/?page_id=35#breadcrumb\"},\"inLanguage\":\"fr-FR\",\"potentialAction\":[{\"@type\":\"ReadAction\",\"target\":[\"https:\/\/naissance-memoire.fr\/?page_id=35\"]}]},{\"@type\":\"BreadcrumbList\",\"@id\":\"https:\/\/naissance-memoire.fr\/?page_id=35#breadcrumb\",\"itemListElement\":[{\"@type\":\"ListItem\",\"position\":1,\"name\":\"Accueil\",\"item\":\"https:\/\/naissance-memoire.fr\/\"},{\"@type\":\"ListItem\",\"position\":2,\"name\":\"Mentions L\u00e9gales\"}]},{\"@type\":\"WebSite\",\"@id\":\"https:\/\/naissance-memoire.fr\/#website\",\"url\":\"https:\/\/naissance-memoire.fr\/\",\"name\":\"Naissance et m\u00e9moire\",\"description\":\"Accompagner et soutenir chaque \u00e9tape de la vie\",\"publisher\":{\"@id\":\"https:\/\/naissance-memoire.fr\/#organization\"},\"potentialAction\":[{\"@type\":\"SearchAction\",\"target\":{\"@type\":\"EntryPoint\",\"urlTemplate\":\"https:\/\/naissance-memoire.fr\/?s={search_term_string}\"},\"query-input\":{\"@type\":\"PropertyValueSpecification\",\"valueRequired\":true,\"valueName\":\"search_term_string\"}}],\"inLanguage\":\"fr-FR\"},{\"@type\":\"Organization\",\"@id\":\"https:\/\/naissance-memoire.fr\/#organization\",\"name\":\"Naissance et m\u00e9moire\",\"url\":\"https:\/\/naissance-memoire.fr\/\",\"logo\":{\"@type\":\"ImageObject\",\"inLanguage\":\"fr-FR\",\"@id\":\"https:\/\/naissance-memoire.fr\/#\/schema\/logo\/image\/\",\"url\":\"https:\/\/naissance-memoire.fr\/wp-content\/uploads\/2025\/01\/cropped-cropped-logo-leger-2-1.png\",\"contentUrl\":\"https:\/\/naissance-memoire.fr\/wp-content\/uploads\/2025\/01\/cropped-cropped-logo-leger-2-1.png\",\"width\":1125,\"height\":1106,\"caption\":\"Naissance et m\u00e9moire \"},\"image\":{\"@id\":\"https:\/\/naissance-memoire.fr\/#\/schema\/logo\/image\/\"}}]}<\/script>\n<!-- \/ Yoast SEO plugin. -->","yoast_head_json":{"title":"Mentions L\u00e9gales - Naissance et m\u00e9moire","description":"mentions l\u00e9gales propri\u00e9t\u00e9 intellectuelle RGPD contact postmaster h\u00e9bergeur entreprise cadre l\u00e9gal ARS RPPS","robots":{"index":"index","follow":"follow","max-snippet":"max-snippet:-1","max-image-preview":"max-image-preview:large","max-video-preview":"max-video-preview:-1"},"canonical":"https:\/\/naissance-memoire.fr\/?page_id=35","og_locale":"fr_FR","og_type":"article","og_title":"Mentions L\u00e9gales - Naissance et m\u00e9moire","og_description":"mentions l\u00e9gales propri\u00e9t\u00e9 intellectuelle RGPD contact postmaster h\u00e9bergeur entreprise cadre l\u00e9gal ARS RPPS","og_url":"https:\/\/naissance-memoire.fr\/?page_id=35","og_site_name":"Naissance et m\u00e9moire","article_modified_time":"2025-04-07T21:53:06+00:00","twitter_card":"summary_large_image","twitter_misc":{"Dur\u00e9e de lecture estim\u00e9e":"2 minutes"},"schema":{"@context":"https:\/\/schema.org","@graph":[{"@type":"WebPage","@id":"https:\/\/naissance-memoire.fr\/?page_id=35","url":"https:\/\/naissance-memoire.fr\/?page_id=35","name":"Mentions L\u00e9gales - Naissance et m\u00e9moire","isPartOf":{"@id":"https:\/\/naissance-memoire.fr\/#website"},"datePublished":"2025-01-09T21:20:58+00:00","dateModified":"2025-04-07T21:53:06+00:00","description":"mentions l\u00e9gales propri\u00e9t\u00e9 intellectuelle RGPD contact postmaster h\u00e9bergeur entreprise cadre l\u00e9gal ARS RPPS","breadcrumb":{"@id":"https:\/\/naissance-memoire.fr\/?page_id=35#breadcrumb"},"inLanguage":"fr-FR","potentialAction":[{"@type":"ReadAction","target":["https:\/\/naissance-memoire.fr\/?page_id=35"]}]},{"@type":"BreadcrumbList","@id":"https:\/\/naissance-memoire.fr\/?page_id=35#breadcrumb","itemListElement":[{"@type":"ListItem","position":1,"name":"Accueil","item":"https:\/\/naissance-memoire.fr\/"},{"@type":"ListItem","position":2,"name":"Mentions L\u00e9gales"}]},{"@type":"WebSite","@id":"https:\/\/naissance-memoire.fr\/#website","url":"https:\/\/naissance-memoire.fr\/","name":"Naissance et m\u00e9moire","description":"Accompagner et soutenir chaque \u00e9tape de la vie","publisher":{"@id":"https:\/\/naissance-memoire.fr\/#organization"},"potentialAction":[{"@type":"SearchAction","target":{"@type":"EntryPoint","urlTemplate":"https:\/\/naissance-memoire.fr\/?s={search_term_string}"},"query-input":{"@type":"PropertyValueSpecification","valueRequired":true,"valueName":"search_term_string"}}],"inLanguage":"fr-FR"},{"@type":"Organization","@id":"https:\/\/naissance-memoire.fr\/#organization","name":"Naissance et m\u00e9moire","url":"https:\/\/naissance-memoire.fr\/","logo":{"@type":"ImageObject","inLanguage":"fr-FR","@id":"https:\/\/naissance-memoire.fr\/#\/schema\/logo\/image\/","url":"https:\/\/naissance-memoire.fr\/wp-content\/uploads\/2025\/01\/cropped-cropped-logo-leger-2-1.png","contentUrl":"https:\/\/naissance-memoire.fr\/wp-content\/uploads\/2025\/01\/cropped-cropped-logo-leger-2-1.png","width":1125,"height":1106,"caption":"Naissance et m\u00e9moire "},"image":{"@id":"https:\/\/naissance-memoire.fr\/#\/schema\/logo\/image\/"}}]}},"_links":{"self":[{"href":"https:\/\/naissance-memoire.fr\/index.php?rest_route=\/wp\/v2\/pages\/35","targetHints":{"allow":["GET"]}}],"collection":[{"href":"https:\/\/naissance-memoire.fr\/index.php?rest_route=\/wp\/v2\/pages"}],"about":[{"href":"https:\/\/naissance-memoire.fr\/index.php?rest_route=\/wp\/v2\/types\/page"}],"author":[{"embeddable":true,"href":"https:\/\/naissance-memoire.fr\/index.php?rest_route=\/wp\/v2\/users\/1"}],"replies":[{"embeddable":true,"href":"https:\/\/naissance-memoire.fr\/index.php?rest_route=%2Fwp%2Fv2%2Fcomments&post=35"}],"version-history":[{"count":8,"href":"https:\/\/naissance-memoire.fr\/index.php?rest_route=\/wp\/v2\/pages\/35\/revisions"}],"predecessor-version":[{"id":161,"href":"https:\/\/naissance-memoire.fr\/index.php?rest_route=\/wp\/v2\/pages\/35\/revisions\/161"}],"wp:attachment":[{"href":"https:\/\/naissance-memoire.fr\/index.php?rest_route=%2Fwp%2Fv2%2Fmedia&parent=35"}],"curies":[{"name":"wp","href":"https:\/\/api.w.org\/{rel}","templated":true}]}}