{"id":202,"date":"2025-05-05T15:07:03","date_gmt":"2025-05-05T13:07:03","guid":{"rendered":"https:\/\/naissance-memoire.fr\/?page_id=202"},"modified":"2026-01-06T13:53:02","modified_gmt":"2026-01-06T12:53:02","slug":"champs-dintervention","status":"publish","type":"page","link":"https:\/\/naissance-memoire.fr\/?page_id=202","title":{"rendered":"Champs d&rsquo;interventions"},"content":{"rendered":"\n<p><\/p>\n\n\n\n<p><\/p>\n\n\n\n<div class=\"wp-block-columns is-layout-flex wp-container-core-columns-is-layout-9d6595d7 wp-block-columns-is-layout-flex\">\n<div class=\"wp-block-column is-layout-flow wp-block-column-is-layout-flow\">\n<h3 class=\"wp-block-heading has-text-align-center\">Psychologie de l&rsquo;adulte <\/h3>\n\n\n\n<ul class=\"wp-block-list\">\n<li>Troubles de l&rsquo;humeur (d\u00e9pression, bipoliarit\u00e9&#8230;)<\/li>\n\n\n\n<li>Troubles anxieux (anxi\u00e9t\u00e9 g\u00e9n\u00e9ralis\u00e9e, panique, phobies, anxi\u00e9t\u00e9 sociale&#8230;)<\/li>\n\n\n\n<li>Troubles du sommeil<\/li>\n\n\n\n<li>Troubles de la personnalit\u00e9<\/li>\n\n\n\n<li>Addiction<\/li>\n\n\n\n<li>Accompagnement des maladies chroniques<\/li>\n\n\n\n<li>Etapes de vie et transition<\/li>\n\n\n\n<li>Deuil<\/li>\n\n\n\n<li>&#8230;<\/li>\n<\/ul>\n\n\n<div class=\"wp-block-image\">\n<figure class=\"aligncenter size-full\"><img loading=\"lazy\" decoding=\"async\" width=\"1024\" height=\"1024\" src=\"https:\/\/naissance-memoire.fr\/wp-content\/uploads\/2025\/08\/ChatGPT-Image-1-aout-2025-21_29_32.png\" alt=\"Moment de soutien et d'accompagnement\" class=\"wp-image-218\" srcset=\"https:\/\/naissance-memoire.fr\/wp-content\/uploads\/2025\/08\/ChatGPT-Image-1-aout-2025-21_29_32.png 1024w, https:\/\/naissance-memoire.fr\/wp-content\/uploads\/2025\/08\/ChatGPT-Image-1-aout-2025-21_29_32-300x300.png 300w, https:\/\/naissance-memoire.fr\/wp-content\/uploads\/2025\/08\/ChatGPT-Image-1-aout-2025-21_29_32-150x150.png 150w, https:\/\/naissance-memoire.fr\/wp-content\/uploads\/2025\/08\/ChatGPT-Image-1-aout-2025-21_29_32-768x768.png 768w\" sizes=\"auto, (max-width: 1024px) 100vw, 1024px\" \/><\/figure>\n<\/div>\n\n\n<p class=\"has-text-align-center\"><br><\/p>\n<\/div>\n\n\n\n<div class=\"wp-block-column is-layout-flow wp-block-column-is-layout-flow\">\n<h3 class=\"wp-block-heading has-text-align-center\">P\u00e9rinatalit\u00e9 et parentalit\u00e9<\/h3>\n\n\n\n<ul class=\"wp-block-list\">\n<li>D\u00e9sir d&rsquo;enfant <\/li>\n\n\n\n<li>Parcours de PMA<\/li>\n\n\n\n<li>Accouchement difficile<\/li>\n\n\n\n<li>Naissance pr\u00e9matur\u00e9e ou hospitalisation en n\u00e9onatalogie<\/li>\n\n\n\n<li>Deuil p\u00e9rinatal<\/li>\n\n\n\n<li>D\u00e9pression post-partum<\/li>\n\n\n\n<li>Troubles de l&rsquo;attachement maternel, paternel, co-parent <\/li>\n\n\n\n<li>Soutien \u00e0 la parentalit\u00e9<\/li>\n\n\n\n<li>Accompagnement \u00e0 la parentalit\u00e9 pour le co-parent<\/li>\n\n\n\n<li>Soutien de l&rsquo;adoption et famille recompos\u00e9e<\/li>\n\n\n\n<li>&#8230;<\/li>\n<\/ul>\n\n\n\n<figure class=\"wp-block-image size-large\"><img loading=\"lazy\" decoding=\"async\" width=\"1024\" height=\"683\" src=\"https:\/\/naissance-memoire.fr\/wp-content\/uploads\/2025\/09\/CC283FB9-D007-41E2-8405-BBED72714ACA-1024x683.png\" alt=\"\" class=\"wp-image-312\" srcset=\"https:\/\/naissance-memoire.fr\/wp-content\/uploads\/2025\/09\/CC283FB9-D007-41E2-8405-BBED72714ACA-1024x683.png 1024w, https:\/\/naissance-memoire.fr\/wp-content\/uploads\/2025\/09\/CC283FB9-D007-41E2-8405-BBED72714ACA-300x200.png 300w, https:\/\/naissance-memoire.fr\/wp-content\/uploads\/2025\/09\/CC283FB9-D007-41E2-8405-BBED72714ACA-768x512.png 768w, https:\/\/naissance-memoire.fr\/wp-content\/uploads\/2025\/09\/CC283FB9-D007-41E2-8405-BBED72714ACA.png 1536w\" sizes=\"auto, (max-width: 1024px) 100vw, 1024px\" \/><\/figure>\n<\/div>\n\n\n\n<div class=\"wp-block-column is-layout-flow wp-block-column-is-layout-flow\">\n<h3 class=\"wp-block-heading has-text-align-center\">Neuropsychologie et vieillissement<\/h3>\n\n\n\n<ul class=\"wp-block-list\">\n<li> Bilan neuropsychologique des troubles de la m\u00e9moire, attentionnels et ex\u00e9cutifs<\/li>\n\n\n\n<li>Accompagnement des maladies neurod\u00e9g\u00e9n\u00e9ratives<\/li>\n\n\n\n<li>Soutien face \u00e0 la perte d&rsquo;autonomie et la d\u00e9pendance<\/li>\n\n\n\n<li>Pr\u00e9vention du vieillissement cognitif <\/li>\n\n\n\n<li>Soutien aux aidants<\/li>\n\n\n\n<li>&#8230;<\/li>\n<\/ul>\n\n\n\n<figure class=\"wp-block-image size-large\"><img loading=\"lazy\" decoding=\"async\" width=\"1024\" height=\"968\" src=\"https:\/\/naissance-memoire.fr\/wp-content\/uploads\/2025\/09\/Capture-decran-2025-09-26-a-21.48.21-1024x968.png\" alt=\"\" class=\"wp-image-313\" srcset=\"https:\/\/naissance-memoire.fr\/wp-content\/uploads\/2025\/09\/Capture-decran-2025-09-26-a-21.48.21-1024x968.png 1024w, https:\/\/naissance-memoire.fr\/wp-content\/uploads\/2025\/09\/Capture-decran-2025-09-26-a-21.48.21-300x284.png 300w, https:\/\/naissance-memoire.fr\/wp-content\/uploads\/2025\/09\/Capture-decran-2025-09-26-a-21.48.21-768x726.png 768w, https:\/\/naissance-memoire.fr\/wp-content\/uploads\/2025\/09\/Capture-decran-2025-09-26-a-21.48.21-1536x1452.png 1536w, https:\/\/naissance-memoire.fr\/wp-content\/uploads\/2025\/09\/Capture-decran-2025-09-26-a-21.48.21.png 1542w\" sizes=\"auto, (max-width: 1024px) 100vw, 1024px\" \/><\/figure>\n<\/div>\n<\/div>\n\n\n\n<div class=\"wp-block-buttons is-content-justification-center is-layout-flex wp-container-core-buttons-is-layout-16018d1d wp-block-buttons-is-layout-flex\">\n<div class=\"wp-block-button is-style-fill\"><a class=\"wp-block-button__link wp-element-button\" href=\"https:\/\/naissance-memoire.fr\/?page_id=141\">Infos pratiques<\/a><\/div>\n\n\n\n<div class=\"wp-block-button is-style-fill\"><a class=\"wp-block-button__link wp-element-button\" href=\"https:\/\/calendly.com\/elodie-jean-psychologue\/seance-de-suivi\">Prendre rendez-vous<\/a><\/div>\n\n\n\n<div class=\"wp-block-button is-style-fill\"><a class=\"wp-block-button__link has-text-align-center wp-element-button\" href=\"https:\/\/naissance-memoire.fr\/?page_id=36\">Contact<\/a><\/div>\n<\/div>\n\n\n\n<p><\/p>\n","protected":false},"excerpt":{"rendered":"<p>Psychologie de l&rsquo;adulte P\u00e9rinatalit\u00e9 et parentalit\u00e9 Neuropsychologie et vieillissement<\/p>\n","protected":false},"author":1,"featured_media":0,"parent":0,"menu_order":0,"comment_status":"closed","ping_status":"closed","template":"","meta":{"footnotes":""},"class_list":["post-202","page","type-page","status-publish"],"yoast_head":"<!-- This site is optimized with the Yoast SEO plugin v26.6 - https:\/\/yoast.com\/wordpress\/plugins\/seo\/ -->\n<title>Champs d&#039;interventions - Naissance et m\u00e9moire<\/title>\n<meta name=\"description\" content=\"Champs d&#039;intervention et domaines d&#039;expertise de votre psychologue Elodie JEAN. Psychologie de l&#039;adulte, p\u00e9rinatalit\u00e9 et vieillissement.\" \/>\n<meta name=\"robots\" content=\"index, follow, max-snippet:-1, max-image-preview:large, max-video-preview:-1\" \/>\n<link rel=\"canonical\" href=\"https:\/\/naissance-memoire.fr\/?page_id=202\" \/>\n<meta property=\"og:locale\" content=\"fr_FR\" \/>\n<meta property=\"og:type\" content=\"article\" \/>\n<meta property=\"og:title\" content=\"Champs d&#039;interventions - Naissance et m\u00e9moire\" \/>\n<meta property=\"og:description\" content=\"Champs d&#039;intervention et domaines d&#039;expertise de votre psychologue Elodie JEAN. Psychologie de l&#039;adulte, p\u00e9rinatalit\u00e9 et vieillissement.\" \/>\n<meta property=\"og:url\" content=\"https:\/\/naissance-memoire.fr\/?page_id=202\" \/>\n<meta property=\"og:site_name\" content=\"Naissance et m\u00e9moire\" \/>\n<meta property=\"article:modified_time\" content=\"2026-01-06T12:53:02+00:00\" \/>\n<meta property=\"og:image\" content=\"https:\/\/naissance-memoire.fr\/wp-content\/uploads\/2025\/08\/ChatGPT-Image-1-aout-2025-21_29_32.png\" \/>\n\t<meta property=\"og:image:width\" content=\"1024\" \/>\n\t<meta property=\"og:image:height\" content=\"1024\" \/>\n\t<meta property=\"og:image:type\" content=\"image\/png\" \/>\n<meta name=\"twitter:card\" content=\"summary_large_image\" \/>\n<meta name=\"twitter:label1\" content=\"Dur\u00e9e de lecture estim\u00e9e\" \/>\n\t<meta name=\"twitter:data1\" content=\"2 minutes\" \/>\n<script type=\"application\/ld+json\" class=\"yoast-schema-graph\">{\"@context\":\"https:\/\/schema.org\",\"@graph\":[{\"@type\":\"WebPage\",\"@id\":\"https:\/\/naissance-memoire.fr\/?page_id=202\",\"url\":\"https:\/\/naissance-memoire.fr\/?page_id=202\",\"name\":\"Champs d'interventions - Naissance et m\u00e9moire\",\"isPartOf\":{\"@id\":\"https:\/\/naissance-memoire.fr\/#website\"},\"primaryImageOfPage\":{\"@id\":\"https:\/\/naissance-memoire.fr\/?page_id=202#primaryimage\"},\"image\":{\"@id\":\"https:\/\/naissance-memoire.fr\/?page_id=202#primaryimage\"},\"thumbnailUrl\":\"https:\/\/naissance-memoire.fr\/wp-content\/uploads\/2025\/08\/ChatGPT-Image-1-aout-2025-21_29_32.png\",\"datePublished\":\"2025-05-05T13:07:03+00:00\",\"dateModified\":\"2026-01-06T12:53:02+00:00\",\"description\":\"Champs d'intervention et domaines d'expertise de votre psychologue Elodie JEAN. Psychologie de l'adulte, p\u00e9rinatalit\u00e9 et vieillissement.\",\"breadcrumb\":{\"@id\":\"https:\/\/naissance-memoire.fr\/?page_id=202#breadcrumb\"},\"inLanguage\":\"fr-FR\",\"potentialAction\":[{\"@type\":\"ReadAction\",\"target\":[\"https:\/\/naissance-memoire.fr\/?page_id=202\"]}]},{\"@type\":\"ImageObject\",\"inLanguage\":\"fr-FR\",\"@id\":\"https:\/\/naissance-memoire.fr\/?page_id=202#primaryimage\",\"url\":\"https:\/\/naissance-memoire.fr\/wp-content\/uploads\/2025\/08\/ChatGPT-Image-1-aout-2025-21_29_32.png\",\"contentUrl\":\"https:\/\/naissance-memoire.fr\/wp-content\/uploads\/2025\/08\/ChatGPT-Image-1-aout-2025-21_29_32.png\",\"width\":1024,\"height\":1024,\"caption\":\"Moment de soutien et d'accompagnement\"},{\"@type\":\"BreadcrumbList\",\"@id\":\"https:\/\/naissance-memoire.fr\/?page_id=202#breadcrumb\",\"itemListElement\":[{\"@type\":\"ListItem\",\"position\":1,\"name\":\"Accueil\",\"item\":\"https:\/\/naissance-memoire.fr\/\"},{\"@type\":\"ListItem\",\"position\":2,\"name\":\"Champs d&rsquo;interventions\"}]},{\"@type\":\"WebSite\",\"@id\":\"https:\/\/naissance-memoire.fr\/#website\",\"url\":\"https:\/\/naissance-memoire.fr\/\",\"name\":\"Naissance et m\u00e9moire\",\"description\":\"Accompagner et soutenir chaque \u00e9tape de la vie\",\"publisher\":{\"@id\":\"https:\/\/naissance-memoire.fr\/#organization\"},\"potentialAction\":[{\"@type\":\"SearchAction\",\"target\":{\"@type\":\"EntryPoint\",\"urlTemplate\":\"https:\/\/naissance-memoire.fr\/?s={search_term_string}\"},\"query-input\":{\"@type\":\"PropertyValueSpecification\",\"valueRequired\":true,\"valueName\":\"search_term_string\"}}],\"inLanguage\":\"fr-FR\"},{\"@type\":\"Organization\",\"@id\":\"https:\/\/naissance-memoire.fr\/#organization\",\"name\":\"Naissance et m\u00e9moire\",\"url\":\"https:\/\/naissance-memoire.fr\/\",\"logo\":{\"@type\":\"ImageObject\",\"inLanguage\":\"fr-FR\",\"@id\":\"https:\/\/naissance-memoire.fr\/#\/schema\/logo\/image\/\",\"url\":\"https:\/\/naissance-memoire.fr\/wp-content\/uploads\/2025\/01\/cropped-cropped-logo-leger-2-1.png\",\"contentUrl\":\"https:\/\/naissance-memoire.fr\/wp-content\/uploads\/2025\/01\/cropped-cropped-logo-leger-2-1.png\",\"width\":1125,\"height\":1106,\"caption\":\"Naissance et m\u00e9moire \"},\"image\":{\"@id\":\"https:\/\/naissance-memoire.fr\/#\/schema\/logo\/image\/\"}}]}<\/script>\n<!-- \/ Yoast SEO plugin. -->","yoast_head_json":{"title":"Champs d'interventions - Naissance et m\u00e9moire","description":"Champs d'intervention et domaines d'expertise de votre psychologue Elodie JEAN. Psychologie de l'adulte, p\u00e9rinatalit\u00e9 et vieillissement.","robots":{"index":"index","follow":"follow","max-snippet":"max-snippet:-1","max-image-preview":"max-image-preview:large","max-video-preview":"max-video-preview:-1"},"canonical":"https:\/\/naissance-memoire.fr\/?page_id=202","og_locale":"fr_FR","og_type":"article","og_title":"Champs d'interventions - Naissance et m\u00e9moire","og_description":"Champs d'intervention et domaines d'expertise de votre psychologue Elodie JEAN. Psychologie de l'adulte, p\u00e9rinatalit\u00e9 et vieillissement.","og_url":"https:\/\/naissance-memoire.fr\/?page_id=202","og_site_name":"Naissance et m\u00e9moire","article_modified_time":"2026-01-06T12:53:02+00:00","og_image":[{"width":1024,"height":1024,"url":"https:\/\/naissance-memoire.fr\/wp-content\/uploads\/2025\/08\/ChatGPT-Image-1-aout-2025-21_29_32.png","type":"image\/png"}],"twitter_card":"summary_large_image","twitter_misc":{"Dur\u00e9e de lecture estim\u00e9e":"2 minutes"},"schema":{"@context":"https:\/\/schema.org","@graph":[{"@type":"WebPage","@id":"https:\/\/naissance-memoire.fr\/?page_id=202","url":"https:\/\/naissance-memoire.fr\/?page_id=202","name":"Champs d'interventions - Naissance et m\u00e9moire","isPartOf":{"@id":"https:\/\/naissance-memoire.fr\/#website"},"primaryImageOfPage":{"@id":"https:\/\/naissance-memoire.fr\/?page_id=202#primaryimage"},"image":{"@id":"https:\/\/naissance-memoire.fr\/?page_id=202#primaryimage"},"thumbnailUrl":"https:\/\/naissance-memoire.fr\/wp-content\/uploads\/2025\/08\/ChatGPT-Image-1-aout-2025-21_29_32.png","datePublished":"2025-05-05T13:07:03+00:00","dateModified":"2026-01-06T12:53:02+00:00","description":"Champs d'intervention et domaines d'expertise de votre psychologue Elodie JEAN. Psychologie de l'adulte, p\u00e9rinatalit\u00e9 et vieillissement.","breadcrumb":{"@id":"https:\/\/naissance-memoire.fr\/?page_id=202#breadcrumb"},"inLanguage":"fr-FR","potentialAction":[{"@type":"ReadAction","target":["https:\/\/naissance-memoire.fr\/?page_id=202"]}]},{"@type":"ImageObject","inLanguage":"fr-FR","@id":"https:\/\/naissance-memoire.fr\/?page_id=202#primaryimage","url":"https:\/\/naissance-memoire.fr\/wp-content\/uploads\/2025\/08\/ChatGPT-Image-1-aout-2025-21_29_32.png","contentUrl":"https:\/\/naissance-memoire.fr\/wp-content\/uploads\/2025\/08\/ChatGPT-Image-1-aout-2025-21_29_32.png","width":1024,"height":1024,"caption":"Moment de soutien et d'accompagnement"},{"@type":"BreadcrumbList","@id":"https:\/\/naissance-memoire.fr\/?page_id=202#breadcrumb","itemListElement":[{"@type":"ListItem","position":1,"name":"Accueil","item":"https:\/\/naissance-memoire.fr\/"},{"@type":"ListItem","position":2,"name":"Champs d&rsquo;interventions"}]},{"@type":"WebSite","@id":"https:\/\/naissance-memoire.fr\/#website","url":"https:\/\/naissance-memoire.fr\/","name":"Naissance et m\u00e9moire","description":"Accompagner et soutenir chaque \u00e9tape de la vie","publisher":{"@id":"https:\/\/naissance-memoire.fr\/#organization"},"potentialAction":[{"@type":"SearchAction","target":{"@type":"EntryPoint","urlTemplate":"https:\/\/naissance-memoire.fr\/?s={search_term_string}"},"query-input":{"@type":"PropertyValueSpecification","valueRequired":true,"valueName":"search_term_string"}}],"inLanguage":"fr-FR"},{"@type":"Organization","@id":"https:\/\/naissance-memoire.fr\/#organization","name":"Naissance et m\u00e9moire","url":"https:\/\/naissance-memoire.fr\/","logo":{"@type":"ImageObject","inLanguage":"fr-FR","@id":"https:\/\/naissance-memoire.fr\/#\/schema\/logo\/image\/","url":"https:\/\/naissance-memoire.fr\/wp-content\/uploads\/2025\/01\/cropped-cropped-logo-leger-2-1.png","contentUrl":"https:\/\/naissance-memoire.fr\/wp-content\/uploads\/2025\/01\/cropped-cropped-logo-leger-2-1.png","width":1125,"height":1106,"caption":"Naissance et m\u00e9moire "},"image":{"@id":"https:\/\/naissance-memoire.fr\/#\/schema\/logo\/image\/"}}]}},"_links":{"self":[{"href":"https:\/\/naissance-memoire.fr\/index.php?rest_route=\/wp\/v2\/pages\/202","targetHints":{"allow":["GET"]}}],"collection":[{"href":"https:\/\/naissance-memoire.fr\/index.php?rest_route=\/wp\/v2\/pages"}],"about":[{"href":"https:\/\/naissance-memoire.fr\/index.php?rest_route=\/wp\/v2\/types\/page"}],"author":[{"embeddable":true,"href":"https:\/\/naissance-memoire.fr\/index.php?rest_route=\/wp\/v2\/users\/1"}],"replies":[{"embeddable":true,"href":"https:\/\/naissance-memoire.fr\/index.php?rest_route=%2Fwp%2Fv2%2Fcomments&post=202"}],"version-history":[{"count":11,"href":"https:\/\/naissance-memoire.fr\/index.php?rest_route=\/wp\/v2\/pages\/202\/revisions"}],"predecessor-version":[{"id":347,"href":"https:\/\/naissance-memoire.fr\/index.php?rest_route=\/wp\/v2\/pages\/202\/revisions\/347"}],"wp:attachment":[{"href":"https:\/\/naissance-memoire.fr\/index.php?rest_route=%2Fwp%2Fv2%2Fmedia&parent=202"}],"curies":[{"name":"wp","href":"https:\/\/api.w.org\/{rel}","templated":true}]}}