{"id":194,"date":"2025-05-05T14:56:01","date_gmt":"2025-05-05T12:56:01","guid":{"rendered":"https:\/\/naissance-memoire.fr\/?page_id=194"},"modified":"2025-09-22T10:35:19","modified_gmt":"2025-09-22T08:35:19","slug":"mon-approche","status":"publish","type":"page","link":"https:\/\/naissance-memoire.fr\/?page_id=194","title":{"rendered":"Mon approche"},"content":{"rendered":"<p><p align=\"justify\">Dans ma pratique, je m\u2019attache \u00e0 accueillir chaque personne avec ce qu\u2019elle vit, sans jugement. Je propose<strong>&nbsp;une approche&nbsp;<a href=\"https:\/\/naissance-memoire.fr\/?page_id=106\">int\u00e9grative<\/a><\/strong>&nbsp;: je mobilise diff\u00e9rentes ressources th\u00e9oriques et outils cliniques pour m\u2019adapter \u00e0 la r\u00e9alit\u00e9 de chacun, en tenant compte \u00e0 la fois de l\u2019histoire personnelle, des liens familiaux, du corps et du contexte de vie.<\/p><\/p>\n\n<p><p align=\"justify\">Je travaille avec une sensibilit\u00e9&nbsp;<strong><a href=\"https:\/\/naissance-memoire.fr\/?page_id=106\">syst\u00e9mique<\/a><\/strong>&nbsp;: ce que vit une personne ne peut \u00eatre compris sans regarder les relations, les cycles de vie, les ruptures les transmissions. L\u2019histoire familiale, les contextes de vie, les \u00e9tapes de l\u2019existence que chacun traverse fa\u00e7onnent profond\u00e9ment le v\u00e9cu psychique.<\/p><\/p>\n\n<p><p align=\"justify\">J\u2019accorde aussi une attention particuli\u00e8re aux \u00e9tapes de d\u00e9veloppement, aux fragilit\u00e9s et aux ressources qui \u00e9mergent dans les moments de transition. Je consid\u00e8re chaque personne comme porteuse de ses propres solutions, de complexit\u00e9 et d\u2019une histoire unique \u00e0 entendre.<\/p><\/p>\n\n<p><p align=\"justify\">J\u2019aspire \u00e0 proposer un cadre simple, clair et s\u00e9curisant. Qui permette \u00e0 chacun de d\u00e9poser, de r\u00e9fl\u00e9chir, parfois de respirer un peu -et, petit \u00e0 petit, de faire \u00e9merger du sens, de retrouver du mouvement l\u00e0 o\u00f9 \u00e7a c\u2019\u00e9tait fig\u00e9.<\/p><\/p>\n\n\n<div class=\"wp-block-buttons is-content-justification-center is-layout-flex wp-container-core-buttons-is-layout-16018d1d wp-block-buttons-is-layout-flex\">\n<div class=\"wp-block-button\"><a class=\"wp-block-button__link wp-element-button\" href=\"https:\/\/naissance-memoire.fr\/?page_id=48\">Ma formation <\/a><\/div>\n\n\n\n<div class=\"wp-block-button\"><a class=\"wp-block-button__link wp-element-button\" href=\"https:\/\/calendly.com\/elodie-jean-psychologue\/seance-de-suivi\">Prendre rendez-vous<\/a><\/div>\n<\/div>\n","protected":false},"excerpt":{"rendered":"<p>Dans ma pratique, je m\u2019attache \u00e0 accueillir chaque personne avec ce qu\u2019elle vit, sans jugement. Je propose&nbsp;une approche&nbsp;int\u00e9grative&nbsp;: je mobilise diff\u00e9rentes ressources th\u00e9oriques et outils cliniques pour m\u2019adapter \u00e0 la r\u00e9alit\u00e9 de chacun, en tenant compte \u00e0 la fois de l\u2019histoire personnelle, des liens familiaux, du corps et du contexte de vie. Je travaille avec &#8230; <a title=\"Mon approche\" class=\"read-more\" href=\"https:\/\/naissance-memoire.fr\/?page_id=194\" aria-label=\"En savoir plus sur Mon approche\">Lire la suite<\/a><\/p>\n","protected":false},"author":1,"featured_media":0,"parent":0,"menu_order":0,"comment_status":"closed","ping_status":"closed","template":"","meta":{"footnotes":""},"class_list":["post-194","page","type-page","status-publish"],"yoast_head":"<!-- This site is optimized with the Yoast SEO plugin v26.6 - https:\/\/yoast.com\/wordpress\/plugins\/seo\/ -->\n<title>Mon approche - Naissance et m\u00e9moire<\/title>\n<meta name=\"robots\" content=\"index, follow, max-snippet:-1, max-image-preview:large, max-video-preview:-1\" \/>\n<link rel=\"canonical\" href=\"https:\/\/naissance-memoire.fr\/?page_id=194\" \/>\n<meta property=\"og:locale\" content=\"fr_FR\" \/>\n<meta property=\"og:type\" content=\"article\" \/>\n<meta property=\"og:title\" content=\"Mon approche - Naissance et m\u00e9moire\" \/>\n<meta property=\"og:description\" content=\"Dans ma pratique, je m\u2019attache \u00e0 accueillir chaque personne avec ce qu\u2019elle vit, sans jugement. Je propose&nbsp;une approche&nbsp;int\u00e9grative&nbsp;: je mobilise diff\u00e9rentes ressources th\u00e9oriques et outils cliniques pour m\u2019adapter \u00e0 la r\u00e9alit\u00e9 de chacun, en tenant compte \u00e0 la fois de l\u2019histoire personnelle, des liens familiaux, du corps et du contexte de vie. Je travaille avec ... Lire la suite\" \/>\n<meta property=\"og:url\" content=\"https:\/\/naissance-memoire.fr\/?page_id=194\" \/>\n<meta property=\"og:site_name\" content=\"Naissance et m\u00e9moire\" \/>\n<meta property=\"article:modified_time\" content=\"2025-09-22T08:35:19+00:00\" \/>\n<meta name=\"twitter:card\" content=\"summary_large_image\" \/>\n<meta name=\"twitter:label1\" content=\"Dur\u00e9e de lecture estim\u00e9e\" \/>\n\t<meta name=\"twitter:data1\" content=\"1 minute\" \/>\n<script type=\"application\/ld+json\" class=\"yoast-schema-graph\">{\"@context\":\"https:\/\/schema.org\",\"@graph\":[{\"@type\":\"WebPage\",\"@id\":\"https:\/\/naissance-memoire.fr\/?page_id=194\",\"url\":\"https:\/\/naissance-memoire.fr\/?page_id=194\",\"name\":\"Mon approche - Naissance et m\u00e9moire\",\"isPartOf\":{\"@id\":\"https:\/\/naissance-memoire.fr\/#website\"},\"datePublished\":\"2025-05-05T12:56:01+00:00\",\"dateModified\":\"2025-09-22T08:35:19+00:00\",\"breadcrumb\":{\"@id\":\"https:\/\/naissance-memoire.fr\/?page_id=194#breadcrumb\"},\"inLanguage\":\"fr-FR\",\"potentialAction\":[{\"@type\":\"ReadAction\",\"target\":[\"https:\/\/naissance-memoire.fr\/?page_id=194\"]}]},{\"@type\":\"BreadcrumbList\",\"@id\":\"https:\/\/naissance-memoire.fr\/?page_id=194#breadcrumb\",\"itemListElement\":[{\"@type\":\"ListItem\",\"position\":1,\"name\":\"Accueil\",\"item\":\"https:\/\/naissance-memoire.fr\/\"},{\"@type\":\"ListItem\",\"position\":2,\"name\":\"Mon approche\"}]},{\"@type\":\"WebSite\",\"@id\":\"https:\/\/naissance-memoire.fr\/#website\",\"url\":\"https:\/\/naissance-memoire.fr\/\",\"name\":\"Naissance et m\u00e9moire\",\"description\":\"Accompagner et soutenir chaque \u00e9tape de la vie\",\"publisher\":{\"@id\":\"https:\/\/naissance-memoire.fr\/#organization\"},\"potentialAction\":[{\"@type\":\"SearchAction\",\"target\":{\"@type\":\"EntryPoint\",\"urlTemplate\":\"https:\/\/naissance-memoire.fr\/?s={search_term_string}\"},\"query-input\":{\"@type\":\"PropertyValueSpecification\",\"valueRequired\":true,\"valueName\":\"search_term_string\"}}],\"inLanguage\":\"fr-FR\"},{\"@type\":\"Organization\",\"@id\":\"https:\/\/naissance-memoire.fr\/#organization\",\"name\":\"Naissance et m\u00e9moire\",\"url\":\"https:\/\/naissance-memoire.fr\/\",\"logo\":{\"@type\":\"ImageObject\",\"inLanguage\":\"fr-FR\",\"@id\":\"https:\/\/naissance-memoire.fr\/#\/schema\/logo\/image\/\",\"url\":\"https:\/\/naissance-memoire.fr\/wp-content\/uploads\/2025\/01\/cropped-cropped-logo-leger-2-1.png\",\"contentUrl\":\"https:\/\/naissance-memoire.fr\/wp-content\/uploads\/2025\/01\/cropped-cropped-logo-leger-2-1.png\",\"width\":1125,\"height\":1106,\"caption\":\"Naissance et m\u00e9moire \"},\"image\":{\"@id\":\"https:\/\/naissance-memoire.fr\/#\/schema\/logo\/image\/\"}}]}<\/script>\n<!-- \/ Yoast SEO plugin. -->","yoast_head_json":{"title":"Mon approche - Naissance et m\u00e9moire","robots":{"index":"index","follow":"follow","max-snippet":"max-snippet:-1","max-image-preview":"max-image-preview:large","max-video-preview":"max-video-preview:-1"},"canonical":"https:\/\/naissance-memoire.fr\/?page_id=194","og_locale":"fr_FR","og_type":"article","og_title":"Mon approche - Naissance et m\u00e9moire","og_description":"Dans ma pratique, je m\u2019attache \u00e0 accueillir chaque personne avec ce qu\u2019elle vit, sans jugement. Je propose&nbsp;une approche&nbsp;int\u00e9grative&nbsp;: je mobilise diff\u00e9rentes ressources th\u00e9oriques et outils cliniques pour m\u2019adapter \u00e0 la r\u00e9alit\u00e9 de chacun, en tenant compte \u00e0 la fois de l\u2019histoire personnelle, des liens familiaux, du corps et du contexte de vie. Je travaille avec ... Lire la suite","og_url":"https:\/\/naissance-memoire.fr\/?page_id=194","og_site_name":"Naissance et m\u00e9moire","article_modified_time":"2025-09-22T08:35:19+00:00","twitter_card":"summary_large_image","twitter_misc":{"Dur\u00e9e de lecture estim\u00e9e":"1 minute"},"schema":{"@context":"https:\/\/schema.org","@graph":[{"@type":"WebPage","@id":"https:\/\/naissance-memoire.fr\/?page_id=194","url":"https:\/\/naissance-memoire.fr\/?page_id=194","name":"Mon approche - Naissance et m\u00e9moire","isPartOf":{"@id":"https:\/\/naissance-memoire.fr\/#website"},"datePublished":"2025-05-05T12:56:01+00:00","dateModified":"2025-09-22T08:35:19+00:00","breadcrumb":{"@id":"https:\/\/naissance-memoire.fr\/?page_id=194#breadcrumb"},"inLanguage":"fr-FR","potentialAction":[{"@type":"ReadAction","target":["https:\/\/naissance-memoire.fr\/?page_id=194"]}]},{"@type":"BreadcrumbList","@id":"https:\/\/naissance-memoire.fr\/?page_id=194#breadcrumb","itemListElement":[{"@type":"ListItem","position":1,"name":"Accueil","item":"https:\/\/naissance-memoire.fr\/"},{"@type":"ListItem","position":2,"name":"Mon approche"}]},{"@type":"WebSite","@id":"https:\/\/naissance-memoire.fr\/#website","url":"https:\/\/naissance-memoire.fr\/","name":"Naissance et m\u00e9moire","description":"Accompagner et soutenir chaque \u00e9tape de la vie","publisher":{"@id":"https:\/\/naissance-memoire.fr\/#organization"},"potentialAction":[{"@type":"SearchAction","target":{"@type":"EntryPoint","urlTemplate":"https:\/\/naissance-memoire.fr\/?s={search_term_string}"},"query-input":{"@type":"PropertyValueSpecification","valueRequired":true,"valueName":"search_term_string"}}],"inLanguage":"fr-FR"},{"@type":"Organization","@id":"https:\/\/naissance-memoire.fr\/#organization","name":"Naissance et m\u00e9moire","url":"https:\/\/naissance-memoire.fr\/","logo":{"@type":"ImageObject","inLanguage":"fr-FR","@id":"https:\/\/naissance-memoire.fr\/#\/schema\/logo\/image\/","url":"https:\/\/naissance-memoire.fr\/wp-content\/uploads\/2025\/01\/cropped-cropped-logo-leger-2-1.png","contentUrl":"https:\/\/naissance-memoire.fr\/wp-content\/uploads\/2025\/01\/cropped-cropped-logo-leger-2-1.png","width":1125,"height":1106,"caption":"Naissance et m\u00e9moire "},"image":{"@id":"https:\/\/naissance-memoire.fr\/#\/schema\/logo\/image\/"}}]}},"_links":{"self":[{"href":"https:\/\/naissance-memoire.fr\/index.php?rest_route=\/wp\/v2\/pages\/194","targetHints":{"allow":["GET"]}}],"collection":[{"href":"https:\/\/naissance-memoire.fr\/index.php?rest_route=\/wp\/v2\/pages"}],"about":[{"href":"https:\/\/naissance-memoire.fr\/index.php?rest_route=\/wp\/v2\/types\/page"}],"author":[{"embeddable":true,"href":"https:\/\/naissance-memoire.fr\/index.php?rest_route=\/wp\/v2\/users\/1"}],"replies":[{"embeddable":true,"href":"https:\/\/naissance-memoire.fr\/index.php?rest_route=%2Fwp%2Fv2%2Fcomments&post=194"}],"version-history":[{"count":6,"href":"https:\/\/naissance-memoire.fr\/index.php?rest_route=\/wp\/v2\/pages\/194\/revisions"}],"predecessor-version":[{"id":286,"href":"https:\/\/naissance-memoire.fr\/index.php?rest_route=\/wp\/v2\/pages\/194\/revisions\/286"}],"wp:attachment":[{"href":"https:\/\/naissance-memoire.fr\/index.php?rest_route=%2Fwp%2Fv2%2Fmedia&parent=194"}],"curies":[{"name":"wp","href":"https:\/\/api.w.org\/{rel}","templated":true}]}}