{"id":191,"date":"2025-05-05T14:53:00","date_gmt":"2025-05-05T12:53:00","guid":{"rendered":"https:\/\/naissance-memoire.fr\/?page_id=191"},"modified":"2026-04-14T11:38:22","modified_gmt":"2026-04-14T09:38:22","slug":"a-propos-2","status":"publish","type":"page","link":"https:\/\/naissance-memoire.fr\/?page_id=191","title":{"rendered":"Qui suis-je ?"},"content":{"rendered":"\n<p>Psychologue Clinicienne dipl\u00f4m\u00e9e de l&rsquo;universit\u00e9 de Toulouse depuis 2014, j&rsquo;exerce les lundis et mardis au sein de mon <strong>cabinet lib\u00e9ral au Cr\u00e8s<\/strong>, et le reste de la semaine j&rsquo;interviens en <strong>supervision pour le service d&rsquo;appui parental<\/strong> de l&rsquo;association pour la jeunesse (ALPJ) \u00e0 Montpellier. <\/p>\n\n\n\n<div class=\"wp-block-buttons is-content-justification-center is-layout-flex wp-container-core-buttons-is-layout-16018d1d wp-block-buttons-is-layout-flex\">\n<div class=\"wp-block-button\"><a class=\"wp-block-button__link wp-element-button\" href=\"https:\/\/naissance-memoire.fr\/?page_id=194\">Mon approche<\/a><\/div>\n\n\n\n<div class=\"wp-block-button\"><a class=\"wp-block-button__link wp-element-button\" href=\"https:\/\/naissance-memoire.fr\/?page_id=48\">Ma formation<\/a><\/div>\n<\/div>\n\n\n\n<div class=\"wp-block-media-text has-media-on-the-right is-stacked-on-mobile is-image-fill-element\" style=\"grid-template-columns:auto 20%\"><div class=\"wp-block-media-text__content\">\n<p class=\"has-text-align-right\"><em>\u00ab\u00a0Chaque rencontre est l&rsquo;occasion de d\u00e9poser, comprendre et avancer \u00e0 son rythme\u00a0\u00bb<\/em><\/p>\n<\/div><figure class=\"wp-block-media-text__media\"><img loading=\"lazy\" decoding=\"async\" width=\"700\" height=\"1014\" src=\"https:\/\/naissance-memoire.fr\/wp-content\/uploads\/2025\/04\/Capture-decran-2025-09-26-a-14.25.55.png\" alt=\"\" class=\"wp-image-289 size-full\" style=\"object-position:50% 50%\" srcset=\"https:\/\/naissance-memoire.fr\/wp-content\/uploads\/2025\/04\/Capture-decran-2025-09-26-a-14.25.55.png 700w, https:\/\/naissance-memoire.fr\/wp-content\/uploads\/2025\/04\/Capture-decran-2025-09-26-a-14.25.55-207x300.png 207w\" sizes=\"auto, (max-width: 700px) 100vw, 700px\" \/><\/figure><\/div>\n","protected":false},"excerpt":{"rendered":"<p>Psychologue Clinicienne dipl\u00f4m\u00e9e de l&rsquo;universit\u00e9 de Toulouse depuis 2014, j&rsquo;exerce les lundis et mardis au sein de mon cabinet lib\u00e9ral au Cr\u00e8s, et le reste de la semaine j&rsquo;interviens en supervision pour le service d&rsquo;appui parental de l&rsquo;association pour la jeunesse (ALPJ) \u00e0 Montpellier.<\/p>\n","protected":false},"author":1,"featured_media":0,"parent":0,"menu_order":0,"comment_status":"closed","ping_status":"closed","template":"","meta":{"footnotes":""},"class_list":["post-191","page","type-page","status-publish"],"yoast_head":"<!-- This site is optimized with the Yoast SEO plugin v26.6 - https:\/\/yoast.com\/wordpress\/plugins\/seo\/ -->\n<title>Qui suis-je ? - Naissance et m\u00e9moire<\/title>\n<meta name=\"description\" content=\"En savoir plus - Elodie JEAN psychologue clinicienne, approche et formation en p\u00e9rinatalit\u00e9, g\u00e9rontologie et neurospychologie.\" \/>\n<meta name=\"robots\" content=\"index, follow, max-snippet:-1, max-image-preview:large, max-video-preview:-1\" \/>\n<link rel=\"canonical\" href=\"https:\/\/naissance-memoire.fr\/?page_id=191\" \/>\n<meta property=\"og:locale\" content=\"fr_FR\" \/>\n<meta property=\"og:type\" content=\"article\" \/>\n<meta property=\"og:title\" content=\"Qui suis-je ? - Naissance et m\u00e9moire\" \/>\n<meta property=\"og:description\" content=\"En savoir plus - Elodie JEAN psychologue clinicienne, approche et formation en p\u00e9rinatalit\u00e9, g\u00e9rontologie et neurospychologie.\" \/>\n<meta property=\"og:url\" content=\"https:\/\/naissance-memoire.fr\/?page_id=191\" \/>\n<meta property=\"og:site_name\" content=\"Naissance et m\u00e9moire\" \/>\n<meta property=\"article:modified_time\" content=\"2026-04-14T09:38:22+00:00\" \/>\n<meta name=\"twitter:card\" content=\"summary_large_image\" \/>\n<meta name=\"twitter:label1\" content=\"Dur\u00e9e de lecture estim\u00e9e\" \/>\n\t<meta name=\"twitter:data1\" content=\"1 minute\" \/>\n<script type=\"application\/ld+json\" class=\"yoast-schema-graph\">{\"@context\":\"https:\/\/schema.org\",\"@graph\":[{\"@type\":\"WebPage\",\"@id\":\"https:\/\/naissance-memoire.fr\/?page_id=191\",\"url\":\"https:\/\/naissance-memoire.fr\/?page_id=191\",\"name\":\"Qui suis-je ? - Naissance et m\u00e9moire\",\"isPartOf\":{\"@id\":\"https:\/\/naissance-memoire.fr\/#website\"},\"datePublished\":\"2025-05-05T12:53:00+00:00\",\"dateModified\":\"2026-04-14T09:38:22+00:00\",\"description\":\"En savoir plus - Elodie JEAN psychologue clinicienne, approche et formation en p\u00e9rinatalit\u00e9, g\u00e9rontologie et neurospychologie.\",\"breadcrumb\":{\"@id\":\"https:\/\/naissance-memoire.fr\/?page_id=191#breadcrumb\"},\"inLanguage\":\"fr-FR\",\"potentialAction\":[{\"@type\":\"ReadAction\",\"target\":[\"https:\/\/naissance-memoire.fr\/?page_id=191\"]}]},{\"@type\":\"BreadcrumbList\",\"@id\":\"https:\/\/naissance-memoire.fr\/?page_id=191#breadcrumb\",\"itemListElement\":[{\"@type\":\"ListItem\",\"position\":1,\"name\":\"Accueil\",\"item\":\"https:\/\/naissance-memoire.fr\/\"},{\"@type\":\"ListItem\",\"position\":2,\"name\":\"Qui suis-je ?\"}]},{\"@type\":\"WebSite\",\"@id\":\"https:\/\/naissance-memoire.fr\/#website\",\"url\":\"https:\/\/naissance-memoire.fr\/\",\"name\":\"Naissance et m\u00e9moire\",\"description\":\"Accompagner et soutenir chaque \u00e9tape de la vie\",\"publisher\":{\"@id\":\"https:\/\/naissance-memoire.fr\/#organization\"},\"potentialAction\":[{\"@type\":\"SearchAction\",\"target\":{\"@type\":\"EntryPoint\",\"urlTemplate\":\"https:\/\/naissance-memoire.fr\/?s={search_term_string}\"},\"query-input\":{\"@type\":\"PropertyValueSpecification\",\"valueRequired\":true,\"valueName\":\"search_term_string\"}}],\"inLanguage\":\"fr-FR\"},{\"@type\":\"Organization\",\"@id\":\"https:\/\/naissance-memoire.fr\/#organization\",\"name\":\"Naissance et m\u00e9moire\",\"url\":\"https:\/\/naissance-memoire.fr\/\",\"logo\":{\"@type\":\"ImageObject\",\"inLanguage\":\"fr-FR\",\"@id\":\"https:\/\/naissance-memoire.fr\/#\/schema\/logo\/image\/\",\"url\":\"https:\/\/naissance-memoire.fr\/wp-content\/uploads\/2025\/01\/cropped-cropped-logo-leger-2-1.png\",\"contentUrl\":\"https:\/\/naissance-memoire.fr\/wp-content\/uploads\/2025\/01\/cropped-cropped-logo-leger-2-1.png\",\"width\":1125,\"height\":1106,\"caption\":\"Naissance et m\u00e9moire \"},\"image\":{\"@id\":\"https:\/\/naissance-memoire.fr\/#\/schema\/logo\/image\/\"}}]}<\/script>\n<!-- \/ Yoast SEO plugin. -->","yoast_head_json":{"title":"Qui suis-je ? - Naissance et m\u00e9moire","description":"En savoir plus - Elodie JEAN psychologue clinicienne, approche et formation en p\u00e9rinatalit\u00e9, g\u00e9rontologie et neurospychologie.","robots":{"index":"index","follow":"follow","max-snippet":"max-snippet:-1","max-image-preview":"max-image-preview:large","max-video-preview":"max-video-preview:-1"},"canonical":"https:\/\/naissance-memoire.fr\/?page_id=191","og_locale":"fr_FR","og_type":"article","og_title":"Qui suis-je ? - Naissance et m\u00e9moire","og_description":"En savoir plus - Elodie JEAN psychologue clinicienne, approche et formation en p\u00e9rinatalit\u00e9, g\u00e9rontologie et neurospychologie.","og_url":"https:\/\/naissance-memoire.fr\/?page_id=191","og_site_name":"Naissance et m\u00e9moire","article_modified_time":"2026-04-14T09:38:22+00:00","twitter_card":"summary_large_image","twitter_misc":{"Dur\u00e9e de lecture estim\u00e9e":"1 minute"},"schema":{"@context":"https:\/\/schema.org","@graph":[{"@type":"WebPage","@id":"https:\/\/naissance-memoire.fr\/?page_id=191","url":"https:\/\/naissance-memoire.fr\/?page_id=191","name":"Qui suis-je ? - Naissance et m\u00e9moire","isPartOf":{"@id":"https:\/\/naissance-memoire.fr\/#website"},"datePublished":"2025-05-05T12:53:00+00:00","dateModified":"2026-04-14T09:38:22+00:00","description":"En savoir plus - Elodie JEAN psychologue clinicienne, approche et formation en p\u00e9rinatalit\u00e9, g\u00e9rontologie et neurospychologie.","breadcrumb":{"@id":"https:\/\/naissance-memoire.fr\/?page_id=191#breadcrumb"},"inLanguage":"fr-FR","potentialAction":[{"@type":"ReadAction","target":["https:\/\/naissance-memoire.fr\/?page_id=191"]}]},{"@type":"BreadcrumbList","@id":"https:\/\/naissance-memoire.fr\/?page_id=191#breadcrumb","itemListElement":[{"@type":"ListItem","position":1,"name":"Accueil","item":"https:\/\/naissance-memoire.fr\/"},{"@type":"ListItem","position":2,"name":"Qui suis-je ?"}]},{"@type":"WebSite","@id":"https:\/\/naissance-memoire.fr\/#website","url":"https:\/\/naissance-memoire.fr\/","name":"Naissance et m\u00e9moire","description":"Accompagner et soutenir chaque \u00e9tape de la vie","publisher":{"@id":"https:\/\/naissance-memoire.fr\/#organization"},"potentialAction":[{"@type":"SearchAction","target":{"@type":"EntryPoint","urlTemplate":"https:\/\/naissance-memoire.fr\/?s={search_term_string}"},"query-input":{"@type":"PropertyValueSpecification","valueRequired":true,"valueName":"search_term_string"}}],"inLanguage":"fr-FR"},{"@type":"Organization","@id":"https:\/\/naissance-memoire.fr\/#organization","name":"Naissance et m\u00e9moire","url":"https:\/\/naissance-memoire.fr\/","logo":{"@type":"ImageObject","inLanguage":"fr-FR","@id":"https:\/\/naissance-memoire.fr\/#\/schema\/logo\/image\/","url":"https:\/\/naissance-memoire.fr\/wp-content\/uploads\/2025\/01\/cropped-cropped-logo-leger-2-1.png","contentUrl":"https:\/\/naissance-memoire.fr\/wp-content\/uploads\/2025\/01\/cropped-cropped-logo-leger-2-1.png","width":1125,"height":1106,"caption":"Naissance et m\u00e9moire "},"image":{"@id":"https:\/\/naissance-memoire.fr\/#\/schema\/logo\/image\/"}}]}},"_links":{"self":[{"href":"https:\/\/naissance-memoire.fr\/index.php?rest_route=\/wp\/v2\/pages\/191","targetHints":{"allow":["GET"]}}],"collection":[{"href":"https:\/\/naissance-memoire.fr\/index.php?rest_route=\/wp\/v2\/pages"}],"about":[{"href":"https:\/\/naissance-memoire.fr\/index.php?rest_route=\/wp\/v2\/types\/page"}],"author":[{"embeddable":true,"href":"https:\/\/naissance-memoire.fr\/index.php?rest_route=\/wp\/v2\/users\/1"}],"replies":[{"embeddable":true,"href":"https:\/\/naissance-memoire.fr\/index.php?rest_route=%2Fwp%2Fv2%2Fcomments&post=191"}],"version-history":[{"count":6,"href":"https:\/\/naissance-memoire.fr\/index.php?rest_route=\/wp\/v2\/pages\/191\/revisions"}],"predecessor-version":[{"id":367,"href":"https:\/\/naissance-memoire.fr\/index.php?rest_route=\/wp\/v2\/pages\/191\/revisions\/367"}],"wp:attachment":[{"href":"https:\/\/naissance-memoire.fr\/index.php?rest_route=%2Fwp%2Fv2%2Fmedia&parent=191"}],"curies":[{"name":"wp","href":"https:\/\/api.w.org\/{rel}","templated":true}]}}