{"id":141,"date":"2025-09-26T15:58:47","date_gmt":"2025-09-26T13:58:47","guid":{"rendered":"https:\/\/naissance-memoire.fr\/?page_id=141"},"modified":"2026-04-14T11:41:48","modified_gmt":"2026-04-14T09:41:48","slug":"seance","status":"publish","type":"page","link":"https:\/\/naissance-memoire.fr\/?page_id=141","title":{"rendered":"Infos pratiques"},"content":{"rendered":"\n<div class=\"wp-block-columns is-layout-flex wp-container-core-columns-is-layout-9d6595d7 wp-block-columns-is-layout-flex\">\n<div class=\"wp-block-column is-layout-flow wp-block-column-is-layout-flow\">\n<h2 class=\"wp-block-heading has-text-align-center\">Acc\u00e8s<\/h2>\n\n\n\n<p>\ud83d\udccd<strong>5 place du march\u00e9<br>34920 Le Cr\u00e8s<\/strong><\/p>\n\n\n\n<p class=\"has-text-align-left\">Face \u00e0 la mairie, parking public gratuit sur place. <br>Emplacements PMR et rampe d&rsquo;acc\u00e8s amovible.<\/p>\n\n\n<\/div>\n\n\n\n<div class=\"wp-block-column is-layout-flow wp-block-column-is-layout-flow\">\n<h2 class=\"wp-block-heading has-text-align-center\">Tarifs<\/h2>\n\n\n\n<ul class=\"wp-block-list\">\n<li><strong>S\u00e9ance individuelle 45min \u00e0 1h <\/strong>en visio ou<strong> <\/strong>au<strong> <\/strong>cabinet<strong>: 50\u20ac<\/strong> <br><br>Le paiement s&rsquo;effectue par <strong>ch\u00e8que<\/strong>, <strong>esp\u00e8ces<\/strong> ou <strong>virement<\/strong> <strong>bancaire<\/strong> (type wero)<br><br><\/li>\n\n\n\n<li><strong>Bilan neuropsychologique<\/strong> et <strong>interventions de groupe<\/strong> : sur devis<\/li>\n<\/ul>\n<\/div>\n\n\n\n<div class=\"wp-block-column is-layout-flow wp-block-column-is-layout-flow\">\n<h2 class=\"wp-block-heading has-text-align-center\">Foire aux questions<\/h2>\n\n\n\n<details class=\"wp-block-details is-layout-flow wp-block-details-is-layout-flow\"><summary>Pour qui?<\/summary>\n<p>Pour les <strong>adultes<\/strong> quelques soient leur \u00e2ge, leur culture, leur orientation.<\/p>\n\n\n\n<p><em>Exceptionnellement et \u00e0 leur demande, je peux recevoir en consultation des <strong>enfants<\/strong> ( dans le cas de deuil p\u00e9rinatal dans la fratrie par exemple) ou des <strong>adolescents<\/strong> ( lors de grossesse pr\u00e9coce, IVG<\/em>&#8230;)<br><\/p>\n<\/details>\n\n\n\n<details class=\"wp-block-details is-layout-flow wp-block-details-is-layout-flow\"><summary>Premi\u00e8re consultation<\/summary>\n<p>La <strong>premi\u00e8re rencontre<\/strong> sert \u00e0 <strong>comprendre votre demande<\/strong>, l&rsquo;occasion de vous <strong>exprimer<\/strong> et de d\u00e9crire la ou les probl\u00e9matiques que vous rencontrez. Elle nous permettra aussi de v\u00e9rifier l&rsquo;ad\u00e9quation entre <strong>vos besoins<\/strong> et <strong>mes comp\u00e9tences<\/strong>.<br>Lors de cette premi\u00e8re s\u00e9ance je vous proposerai une fr\u00e9quence pour nos rendez-vous , et je peux \u00eatre amen\u00e9e \u00e0 remplir avec vous des questionnaires ou \u00e9chelles qui serviront de base \u00e0 la th\u00e9rapie.<\/p>\n\n\n\n<p><\/p>\n<\/details>\n\n\n\n<details class=\"wp-block-details is-layout-flow wp-block-details-is-layout-flow\"><summary>S\u00e9ances suivantes<\/summary>\n<p>Ces rendez-vous de 45 minutes \u00e0 la fr\u00e9quence que nous aurons convenu ensemble, permettrons de travailler sur les <strong>probl\u00e9matiques \u00e9voqu\u00e9es<\/strong> et <strong>faire avancer vos r\u00e9flexions<\/strong>. Je ne dispense aucun conseil tout venant mais utilise toute la m\u00e9thodologie et les outils de ma connaissance pour vous accompagner : <strong>chaque situation est unique <\/strong>et<strong> <\/strong>n\u00e9cessite d&rsquo;explorer <strong>les valeurs, objectifs <\/strong>et<strong> ressources <\/strong>de chacun.<\/p>\n<\/details>\n\n\n\n<details class=\"wp-block-details is-layout-flow wp-block-details-is-layout-flow\"><summary>Remboursement<\/summary>\n<p>Les s\u00e9ances de psychologie peuvent \u00eatre rembours\u00e9es par votre <strong>mutuelle<\/strong> sur <strong>facture<\/strong>. <br>Pas de prise en charge par la s\u00e9curit\u00e9 sociale.<\/p>\n<\/details>\n\n\n\n<details class=\"wp-block-details is-layout-flow wp-block-details-is-layout-flow\"><summary>Prendre rendez-vous<\/summary>\n<p>La prise de rendez-vous s&rsquo;effectue en ligne ou par t\u00e9l\u00e9phone. En ce cas merci de m&rsquo;indiquer vos disponibilit\u00e9s et vos coordonn\u00e9es.<\/p>\n<\/details>\n\n\n\n<details class=\"wp-block-details is-layout-flow wp-block-details-is-layout-flow\"><summary>Annuler un rendez-vous<\/summary>\n<p>Les rendez-vous peuvent \u00eatre annuler \u00e0 tout moment par le lien re\u00e7u par courriel ou par sms.<\/p>\n\n\n\n<details class=\"wp-block-details is-layout-flow wp-block-details-is-layout-flow\"><summary>Comment recevoir ma facture?<\/summary>\n<p>Les factures sont \u00e9dit\u00e9es deux fois par mois et sont syst\u00e9matiquement transmises par courriel.<\/p>\n<\/details>\n<\/details>\n<\/div>\n<\/div>\n\n\n\n<p><\/p>\n","protected":false},"excerpt":{"rendered":"<p>Acc\u00e8s \ud83d\udccd5 place du march\u00e934920 Le Cr\u00e8s Face \u00e0 la mairie, parking public gratuit sur place. Emplacements PMR et rampe d&rsquo;acc\u00e8s amovible. Tarifs Foire aux questions<\/p>\n","protected":false},"author":1,"featured_media":0,"parent":0,"menu_order":0,"comment_status":"closed","ping_status":"closed","template":"","meta":{"footnotes":""},"class_list":["post-141","page","type-page","status-publish"],"yoast_head":"<!-- This site is optimized with the Yoast SEO plugin v26.6 - https:\/\/yoast.com\/wordpress\/plugins\/seo\/ -->\n<title>Infos pratiques - Naissance et m\u00e9moire<\/title>\n<meta name=\"description\" content=\"Consultations psychologique adulte. Accompagnement parentatlit\u00e9, p\u00e9rinatalit\u00e9, g\u00e9rontologie, troubles de l&#039;humeur...\" \/>\n<meta name=\"robots\" content=\"index, follow, max-snippet:-1, max-image-preview:large, max-video-preview:-1\" \/>\n<link rel=\"canonical\" href=\"https:\/\/naissance-memoire.fr\/?page_id=141\" \/>\n<meta property=\"og:locale\" content=\"fr_FR\" \/>\n<meta property=\"og:type\" content=\"article\" \/>\n<meta property=\"og:title\" content=\"Infos pratiques - Naissance et m\u00e9moire\" \/>\n<meta property=\"og:description\" content=\"Consultations psychologique adulte. Accompagnement parentatlit\u00e9, p\u00e9rinatalit\u00e9, g\u00e9rontologie, troubles de l&#039;humeur...\" \/>\n<meta property=\"og:url\" content=\"https:\/\/naissance-memoire.fr\/?page_id=141\" \/>\n<meta property=\"og:site_name\" content=\"Naissance et m\u00e9moire\" \/>\n<meta property=\"article:modified_time\" content=\"2026-04-14T09:41:48+00:00\" \/>\n<meta name=\"twitter:card\" content=\"summary_large_image\" \/>\n<meta name=\"twitter:label1\" content=\"Dur\u00e9e de lecture estim\u00e9e\" \/>\n\t<meta name=\"twitter:data1\" content=\"2 minutes\" \/>\n<script type=\"application\/ld+json\" class=\"yoast-schema-graph\">{\"@context\":\"https:\/\/schema.org\",\"@graph\":[{\"@type\":\"WebPage\",\"@id\":\"https:\/\/naissance-memoire.fr\/?page_id=141\",\"url\":\"https:\/\/naissance-memoire.fr\/?page_id=141\",\"name\":\"Infos pratiques - Naissance et m\u00e9moire\",\"isPartOf\":{\"@id\":\"https:\/\/naissance-memoire.fr\/#website\"},\"datePublished\":\"2025-09-26T13:58:47+00:00\",\"dateModified\":\"2026-04-14T09:41:48+00:00\",\"description\":\"Consultations psychologique adulte. Accompagnement parentatlit\u00e9, p\u00e9rinatalit\u00e9, g\u00e9rontologie, troubles de l'humeur...\",\"breadcrumb\":{\"@id\":\"https:\/\/naissance-memoire.fr\/?page_id=141#breadcrumb\"},\"inLanguage\":\"fr-FR\",\"potentialAction\":[{\"@type\":\"ReadAction\",\"target\":[\"https:\/\/naissance-memoire.fr\/?page_id=141\"]}]},{\"@type\":\"BreadcrumbList\",\"@id\":\"https:\/\/naissance-memoire.fr\/?page_id=141#breadcrumb\",\"itemListElement\":[{\"@type\":\"ListItem\",\"position\":1,\"name\":\"Accueil\",\"item\":\"https:\/\/naissance-memoire.fr\/\"},{\"@type\":\"ListItem\",\"position\":2,\"name\":\"Infos pratiques\"}]},{\"@type\":\"WebSite\",\"@id\":\"https:\/\/naissance-memoire.fr\/#website\",\"url\":\"https:\/\/naissance-memoire.fr\/\",\"name\":\"Naissance et m\u00e9moire\",\"description\":\"Accompagner et soutenir chaque \u00e9tape de la vie\",\"publisher\":{\"@id\":\"https:\/\/naissance-memoire.fr\/#organization\"},\"potentialAction\":[{\"@type\":\"SearchAction\",\"target\":{\"@type\":\"EntryPoint\",\"urlTemplate\":\"https:\/\/naissance-memoire.fr\/?s={search_term_string}\"},\"query-input\":{\"@type\":\"PropertyValueSpecification\",\"valueRequired\":true,\"valueName\":\"search_term_string\"}}],\"inLanguage\":\"fr-FR\"},{\"@type\":\"Organization\",\"@id\":\"https:\/\/naissance-memoire.fr\/#organization\",\"name\":\"Naissance et m\u00e9moire\",\"url\":\"https:\/\/naissance-memoire.fr\/\",\"logo\":{\"@type\":\"ImageObject\",\"inLanguage\":\"fr-FR\",\"@id\":\"https:\/\/naissance-memoire.fr\/#\/schema\/logo\/image\/\",\"url\":\"https:\/\/naissance-memoire.fr\/wp-content\/uploads\/2025\/01\/cropped-cropped-logo-leger-2-1.png\",\"contentUrl\":\"https:\/\/naissance-memoire.fr\/wp-content\/uploads\/2025\/01\/cropped-cropped-logo-leger-2-1.png\",\"width\":1125,\"height\":1106,\"caption\":\"Naissance et m\u00e9moire \"},\"image\":{\"@id\":\"https:\/\/naissance-memoire.fr\/#\/schema\/logo\/image\/\"}}]}<\/script>\n<!-- \/ Yoast SEO plugin. -->","yoast_head_json":{"title":"Infos pratiques - Naissance et m\u00e9moire","description":"Consultations psychologique adulte. Accompagnement parentatlit\u00e9, p\u00e9rinatalit\u00e9, g\u00e9rontologie, troubles de l'humeur...","robots":{"index":"index","follow":"follow","max-snippet":"max-snippet:-1","max-image-preview":"max-image-preview:large","max-video-preview":"max-video-preview:-1"},"canonical":"https:\/\/naissance-memoire.fr\/?page_id=141","og_locale":"fr_FR","og_type":"article","og_title":"Infos pratiques - Naissance et m\u00e9moire","og_description":"Consultations psychologique adulte. Accompagnement parentatlit\u00e9, p\u00e9rinatalit\u00e9, g\u00e9rontologie, troubles de l'humeur...","og_url":"https:\/\/naissance-memoire.fr\/?page_id=141","og_site_name":"Naissance et m\u00e9moire","article_modified_time":"2026-04-14T09:41:48+00:00","twitter_card":"summary_large_image","twitter_misc":{"Dur\u00e9e de lecture estim\u00e9e":"2 minutes"},"schema":{"@context":"https:\/\/schema.org","@graph":[{"@type":"WebPage","@id":"https:\/\/naissance-memoire.fr\/?page_id=141","url":"https:\/\/naissance-memoire.fr\/?page_id=141","name":"Infos pratiques - Naissance et m\u00e9moire","isPartOf":{"@id":"https:\/\/naissance-memoire.fr\/#website"},"datePublished":"2025-09-26T13:58:47+00:00","dateModified":"2026-04-14T09:41:48+00:00","description":"Consultations psychologique adulte. Accompagnement parentatlit\u00e9, p\u00e9rinatalit\u00e9, g\u00e9rontologie, troubles de l'humeur...","breadcrumb":{"@id":"https:\/\/naissance-memoire.fr\/?page_id=141#breadcrumb"},"inLanguage":"fr-FR","potentialAction":[{"@type":"ReadAction","target":["https:\/\/naissance-memoire.fr\/?page_id=141"]}]},{"@type":"BreadcrumbList","@id":"https:\/\/naissance-memoire.fr\/?page_id=141#breadcrumb","itemListElement":[{"@type":"ListItem","position":1,"name":"Accueil","item":"https:\/\/naissance-memoire.fr\/"},{"@type":"ListItem","position":2,"name":"Infos pratiques"}]},{"@type":"WebSite","@id":"https:\/\/naissance-memoire.fr\/#website","url":"https:\/\/naissance-memoire.fr\/","name":"Naissance et m\u00e9moire","description":"Accompagner et soutenir chaque \u00e9tape de la vie","publisher":{"@id":"https:\/\/naissance-memoire.fr\/#organization"},"potentialAction":[{"@type":"SearchAction","target":{"@type":"EntryPoint","urlTemplate":"https:\/\/naissance-memoire.fr\/?s={search_term_string}"},"query-input":{"@type":"PropertyValueSpecification","valueRequired":true,"valueName":"search_term_string"}}],"inLanguage":"fr-FR"},{"@type":"Organization","@id":"https:\/\/naissance-memoire.fr\/#organization","name":"Naissance et m\u00e9moire","url":"https:\/\/naissance-memoire.fr\/","logo":{"@type":"ImageObject","inLanguage":"fr-FR","@id":"https:\/\/naissance-memoire.fr\/#\/schema\/logo\/image\/","url":"https:\/\/naissance-memoire.fr\/wp-content\/uploads\/2025\/01\/cropped-cropped-logo-leger-2-1.png","contentUrl":"https:\/\/naissance-memoire.fr\/wp-content\/uploads\/2025\/01\/cropped-cropped-logo-leger-2-1.png","width":1125,"height":1106,"caption":"Naissance et m\u00e9moire "},"image":{"@id":"https:\/\/naissance-memoire.fr\/#\/schema\/logo\/image\/"}}]}},"_links":{"self":[{"href":"https:\/\/naissance-memoire.fr\/index.php?rest_route=\/wp\/v2\/pages\/141","targetHints":{"allow":["GET"]}}],"collection":[{"href":"https:\/\/naissance-memoire.fr\/index.php?rest_route=\/wp\/v2\/pages"}],"about":[{"href":"https:\/\/naissance-memoire.fr\/index.php?rest_route=\/wp\/v2\/types\/page"}],"author":[{"embeddable":true,"href":"https:\/\/naissance-memoire.fr\/index.php?rest_route=\/wp\/v2\/users\/1"}],"replies":[{"embeddable":true,"href":"https:\/\/naissance-memoire.fr\/index.php?rest_route=%2Fwp%2Fv2%2Fcomments&post=141"}],"version-history":[{"count":28,"href":"https:\/\/naissance-memoire.fr\/index.php?rest_route=\/wp\/v2\/pages\/141\/revisions"}],"predecessor-version":[{"id":369,"href":"https:\/\/naissance-memoire.fr\/index.php?rest_route=\/wp\/v2\/pages\/141\/revisions\/369"}],"wp:attachment":[{"href":"https:\/\/naissance-memoire.fr\/index.php?rest_route=%2Fwp%2Fv2%2Fmedia&parent=141"}],"curies":[{"name":"wp","href":"https:\/\/api.w.org\/{rel}","templated":true}]}}