{"id":106,"date":"2025-01-17T21:36:40","date_gmt":"2025-01-17T20:36:40","guid":{"rendered":"https:\/\/naissance-memoire.fr\/?page_id=106"},"modified":"2025-08-01T23:05:39","modified_gmt":"2025-08-01T21:05:39","slug":"lexique","status":"publish","type":"page","link":"https:\/\/naissance-memoire.fr\/?page_id=106","title":{"rendered":"Lexique"},"content":{"rendered":"\n<div class=\"wp-block-group\"><div class=\"wp-block-group__inner-container is-layout-constrained wp-block-group-is-layout-constrained\">\n<p\nalign=\"justify\"><strong>Psychologie clinique<\/strong>: Discipline de la psychologie qui se concentre sur l&rsquo;\u00e9valuation, la compr\u00e9hension et l&rsquo;accompagnement des individus qui en font la demande. Elle s&rsquo;appuie sur l&rsquo;\u00e9coute, l&rsquo;analyse et l&rsquo;utilisation de m\u00e9thodes th\u00e9rapeutiques adapt\u00e9es \u00e0 chaque situation.<\/p>\n\n\n\n<p\nalign=\"justify\"><strong>Psychologue clinicien<\/strong>: Intervient dans une d\u00e9marche de soutien, de pr\u00e9vention ou d&rsquo;accompagnement, en s&rsquo;appuyant sur des connaissances scientifiques et une approche humaine et individualis\u00e9e. En France le dipl\u00f4me est obtenu \u00e0 l&rsquo;universit\u00e9 suite \u00e0 un cursus s\u00e9lectif de niveau Bac+5.<\/p>\n\n\n\n<p\nalign=\"justify\"><strong>P\u00e9rinatalit\u00e9<\/strong>: P\u00e9riode qui englobe la grossesse, l&rsquo;accouchement et les premi\u00e8res semaines de vie du b\u00e9b\u00e9 et toutes les probl\u00e9matiques qui y sont li\u00e9es m\u00eame plus \u00e9loign\u00e9es dans le temps.<\/p>\n\n\n\n<p><strong>Neuropsychologie<\/strong>: Branche de la psychologie qui \u00e9tudie les relations entre le cerveau et les comportements.<\/p>\n\n\n\n<p><strong>G\u00e9rontologie<\/strong>: Discipline d\u00e9di\u00e9e \u00e0 l&rsquo;\u00e9tude du vieillissement et aux probl\u00e9matiques des personnes \u00e2g\u00e9es. <\/p>\n\n\n\n<p\nalign=\"justify\"><strong>Approche bio-psychosociale<\/strong>: c&rsquo;est un mod\u00e8le de compr\u00e9hension qui consid\u00e8re que le bien-\u00eatre psychique r\u00e9sulte de l&rsquo;interaction entre des facteurs biologiques (fonctionnement c\u00e9r\u00e9bral, sant\u00e9 physique&#8230;), psychologiques (\u00e9motions, sch\u00e9mas de pens\u00e9es, histoire personnelle&#8230;) et sociaux (relations, environnement de vie, contexte culturel). Elle permet de prendre en compte la complexit\u00e9 de chaque personne et d&rsquo;adapter la posture th\u00e9rapeutique \u00e0 cette r\u00e9alit\u00e9 multifactorielle.<\/p>\n\n\n\n<p\nalign=\"justify\"><strong>Approche int\u00e9grative<\/strong>: c&rsquo;est une mani\u00e8re d&rsquo;intervenir en psychoth\u00e9rapie en s&rsquo;appuyant sur diff\u00e9rents courants th\u00e9oriques. Elle permet de proposer un accompagnement sur mesure, en utilisant des outils issus de plusieurs mod\u00e8les (th\u00e9rapies cognitives et comportementales, approche humaniste, syst\u00e9mie&#8230;) en fonction des besoins, de la personnalit\u00e9 et du parcours de la personne. C&rsquo;est une approche souple, respectueuse du rythme de chacun, et centr\u00e9e sur les processus de changement. <\/p>\n\n\n\n<p\nalign=\"justify\">La <strong>syst\u00e9mie<\/strong> en psychologie d\u00e9signe une approche qui consid\u00e8re l\u2019individu dans son environnement, souvent dans le cadre de relations interpersonnelles et sociales, telles que celles d\u2019un groupe, d\u2019une famille ou d\u2019une organisation. Plut\u00f4t que de se concentrer uniquement sur l\u2019individu, la syst\u00e9mie met l\u2019accent sur les interactions et les dynamiques au sein de ces syst\u00e8mes, avec l\u2019id\u00e9e que chaque \u00e9l\u00e9ment influence et est influenc\u00e9 par les autres. En th\u00e9rapie syst\u00e9mique, l\u2019objectif est de comprendre et de modifier les sch\u00e9mas relationnels qui peuvent maintenir des probl\u00e8mes ou des conflits au sein de ces syst\u00e8mes.<\/p>\n<\/div><\/div>\n","protected":false},"excerpt":{"rendered":"<p>Psychologie clinique: Discipline de la psychologie qui se concentre sur l&rsquo;\u00e9valuation, la compr\u00e9hension et l&rsquo;accompagnement des individus qui en font la demande. Elle s&rsquo;appuie sur l&rsquo;\u00e9coute, l&rsquo;analyse et l&rsquo;utilisation de m\u00e9thodes th\u00e9rapeutiques adapt\u00e9es \u00e0 chaque situation. Psychologue clinicien: Intervient dans une d\u00e9marche de soutien, de pr\u00e9vention ou d&rsquo;accompagnement, en s&rsquo;appuyant sur des connaissances scientifiques et &#8230; <a title=\"Lexique\" class=\"read-more\" href=\"https:\/\/naissance-memoire.fr\/?page_id=106\" aria-label=\"En savoir plus sur Lexique\">Lire la suite<\/a><\/p>\n","protected":false},"author":1,"featured_media":0,"parent":0,"menu_order":0,"comment_status":"closed","ping_status":"closed","template":"","meta":{"footnotes":""},"class_list":["post-106","page","type-page","status-publish"],"yoast_head":"<!-- This site is optimized with the Yoast SEO plugin v26.6 - https:\/\/yoast.com\/wordpress\/plugins\/seo\/ -->\n<title>Lexique - Naissance et m\u00e9moire<\/title>\n<meta name=\"description\" content=\"Lexique de sp\u00e9cialit\u00e9 psychologie clinique p\u00e9rinatalit\u00e9 et g\u00e9rontologie\" \/>\n<meta name=\"robots\" content=\"index, follow, max-snippet:-1, max-image-preview:large, max-video-preview:-1\" \/>\n<link rel=\"canonical\" href=\"https:\/\/naissance-memoire.fr\/?page_id=106\" \/>\n<meta property=\"og:locale\" content=\"fr_FR\" \/>\n<meta property=\"og:type\" content=\"article\" \/>\n<meta property=\"og:title\" content=\"Lexique - Naissance et m\u00e9moire\" \/>\n<meta property=\"og:description\" content=\"Lexique de sp\u00e9cialit\u00e9 psychologie clinique p\u00e9rinatalit\u00e9 et g\u00e9rontologie\" \/>\n<meta property=\"og:url\" content=\"https:\/\/naissance-memoire.fr\/?page_id=106\" \/>\n<meta property=\"og:site_name\" content=\"Naissance et m\u00e9moire\" \/>\n<meta property=\"article:modified_time\" content=\"2025-08-01T21:05:39+00:00\" \/>\n<meta name=\"twitter:card\" content=\"summary_large_image\" \/>\n<meta name=\"twitter:label1\" content=\"Dur\u00e9e de lecture estim\u00e9e\" \/>\n\t<meta name=\"twitter:data1\" content=\"2 minutes\" \/>\n<script type=\"application\/ld+json\" class=\"yoast-schema-graph\">{\"@context\":\"https:\/\/schema.org\",\"@graph\":[{\"@type\":\"WebPage\",\"@id\":\"https:\/\/naissance-memoire.fr\/?page_id=106\",\"url\":\"https:\/\/naissance-memoire.fr\/?page_id=106\",\"name\":\"Lexique - Naissance et m\u00e9moire\",\"isPartOf\":{\"@id\":\"https:\/\/naissance-memoire.fr\/#website\"},\"datePublished\":\"2025-01-17T20:36:40+00:00\",\"dateModified\":\"2025-08-01T21:05:39+00:00\",\"description\":\"Lexique de sp\u00e9cialit\u00e9 psychologie clinique p\u00e9rinatalit\u00e9 et g\u00e9rontologie\",\"breadcrumb\":{\"@id\":\"https:\/\/naissance-memoire.fr\/?page_id=106#breadcrumb\"},\"inLanguage\":\"fr-FR\",\"potentialAction\":[{\"@type\":\"ReadAction\",\"target\":[\"https:\/\/naissance-memoire.fr\/?page_id=106\"]}]},{\"@type\":\"BreadcrumbList\",\"@id\":\"https:\/\/naissance-memoire.fr\/?page_id=106#breadcrumb\",\"itemListElement\":[{\"@type\":\"ListItem\",\"position\":1,\"name\":\"Accueil\",\"item\":\"https:\/\/naissance-memoire.fr\/\"},{\"@type\":\"ListItem\",\"position\":2,\"name\":\"Lexique\"}]},{\"@type\":\"WebSite\",\"@id\":\"https:\/\/naissance-memoire.fr\/#website\",\"url\":\"https:\/\/naissance-memoire.fr\/\",\"name\":\"Naissance et m\u00e9moire\",\"description\":\"Accompagner et soutenir chaque \u00e9tape de la vie\",\"publisher\":{\"@id\":\"https:\/\/naissance-memoire.fr\/#organization\"},\"potentialAction\":[{\"@type\":\"SearchAction\",\"target\":{\"@type\":\"EntryPoint\",\"urlTemplate\":\"https:\/\/naissance-memoire.fr\/?s={search_term_string}\"},\"query-input\":{\"@type\":\"PropertyValueSpecification\",\"valueRequired\":true,\"valueName\":\"search_term_string\"}}],\"inLanguage\":\"fr-FR\"},{\"@type\":\"Organization\",\"@id\":\"https:\/\/naissance-memoire.fr\/#organization\",\"name\":\"Naissance et m\u00e9moire\",\"url\":\"https:\/\/naissance-memoire.fr\/\",\"logo\":{\"@type\":\"ImageObject\",\"inLanguage\":\"fr-FR\",\"@id\":\"https:\/\/naissance-memoire.fr\/#\/schema\/logo\/image\/\",\"url\":\"https:\/\/naissance-memoire.fr\/wp-content\/uploads\/2025\/01\/cropped-cropped-logo-leger-2-1.png\",\"contentUrl\":\"https:\/\/naissance-memoire.fr\/wp-content\/uploads\/2025\/01\/cropped-cropped-logo-leger-2-1.png\",\"width\":1125,\"height\":1106,\"caption\":\"Naissance et m\u00e9moire \"},\"image\":{\"@id\":\"https:\/\/naissance-memoire.fr\/#\/schema\/logo\/image\/\"}}]}<\/script>\n<!-- \/ Yoast SEO plugin. -->","yoast_head_json":{"title":"Lexique - Naissance et m\u00e9moire","description":"Lexique de sp\u00e9cialit\u00e9 psychologie clinique p\u00e9rinatalit\u00e9 et g\u00e9rontologie","robots":{"index":"index","follow":"follow","max-snippet":"max-snippet:-1","max-image-preview":"max-image-preview:large","max-video-preview":"max-video-preview:-1"},"canonical":"https:\/\/naissance-memoire.fr\/?page_id=106","og_locale":"fr_FR","og_type":"article","og_title":"Lexique - Naissance et m\u00e9moire","og_description":"Lexique de sp\u00e9cialit\u00e9 psychologie clinique p\u00e9rinatalit\u00e9 et g\u00e9rontologie","og_url":"https:\/\/naissance-memoire.fr\/?page_id=106","og_site_name":"Naissance et m\u00e9moire","article_modified_time":"2025-08-01T21:05:39+00:00","twitter_card":"summary_large_image","twitter_misc":{"Dur\u00e9e de lecture estim\u00e9e":"2 minutes"},"schema":{"@context":"https:\/\/schema.org","@graph":[{"@type":"WebPage","@id":"https:\/\/naissance-memoire.fr\/?page_id=106","url":"https:\/\/naissance-memoire.fr\/?page_id=106","name":"Lexique - Naissance et m\u00e9moire","isPartOf":{"@id":"https:\/\/naissance-memoire.fr\/#website"},"datePublished":"2025-01-17T20:36:40+00:00","dateModified":"2025-08-01T21:05:39+00:00","description":"Lexique de sp\u00e9cialit\u00e9 psychologie clinique p\u00e9rinatalit\u00e9 et g\u00e9rontologie","breadcrumb":{"@id":"https:\/\/naissance-memoire.fr\/?page_id=106#breadcrumb"},"inLanguage":"fr-FR","potentialAction":[{"@type":"ReadAction","target":["https:\/\/naissance-memoire.fr\/?page_id=106"]}]},{"@type":"BreadcrumbList","@id":"https:\/\/naissance-memoire.fr\/?page_id=106#breadcrumb","itemListElement":[{"@type":"ListItem","position":1,"name":"Accueil","item":"https:\/\/naissance-memoire.fr\/"},{"@type":"ListItem","position":2,"name":"Lexique"}]},{"@type":"WebSite","@id":"https:\/\/naissance-memoire.fr\/#website","url":"https:\/\/naissance-memoire.fr\/","name":"Naissance et m\u00e9moire","description":"Accompagner et soutenir chaque \u00e9tape de la vie","publisher":{"@id":"https:\/\/naissance-memoire.fr\/#organization"},"potentialAction":[{"@type":"SearchAction","target":{"@type":"EntryPoint","urlTemplate":"https:\/\/naissance-memoire.fr\/?s={search_term_string}"},"query-input":{"@type":"PropertyValueSpecification","valueRequired":true,"valueName":"search_term_string"}}],"inLanguage":"fr-FR"},{"@type":"Organization","@id":"https:\/\/naissance-memoire.fr\/#organization","name":"Naissance et m\u00e9moire","url":"https:\/\/naissance-memoire.fr\/","logo":{"@type":"ImageObject","inLanguage":"fr-FR","@id":"https:\/\/naissance-memoire.fr\/#\/schema\/logo\/image\/","url":"https:\/\/naissance-memoire.fr\/wp-content\/uploads\/2025\/01\/cropped-cropped-logo-leger-2-1.png","contentUrl":"https:\/\/naissance-memoire.fr\/wp-content\/uploads\/2025\/01\/cropped-cropped-logo-leger-2-1.png","width":1125,"height":1106,"caption":"Naissance et m\u00e9moire "},"image":{"@id":"https:\/\/naissance-memoire.fr\/#\/schema\/logo\/image\/"}}]}},"_links":{"self":[{"href":"https:\/\/naissance-memoire.fr\/index.php?rest_route=\/wp\/v2\/pages\/106","targetHints":{"allow":["GET"]}}],"collection":[{"href":"https:\/\/naissance-memoire.fr\/index.php?rest_route=\/wp\/v2\/pages"}],"about":[{"href":"https:\/\/naissance-memoire.fr\/index.php?rest_route=\/wp\/v2\/types\/page"}],"author":[{"embeddable":true,"href":"https:\/\/naissance-memoire.fr\/index.php?rest_route=\/wp\/v2\/users\/1"}],"replies":[{"embeddable":true,"href":"https:\/\/naissance-memoire.fr\/index.php?rest_route=%2Fwp%2Fv2%2Fcomments&post=106"}],"version-history":[{"count":4,"href":"https:\/\/naissance-memoire.fr\/index.php?rest_route=\/wp\/v2\/pages\/106\/revisions"}],"predecessor-version":[{"id":229,"href":"https:\/\/naissance-memoire.fr\/index.php?rest_route=\/wp\/v2\/pages\/106\/revisions\/229"}],"wp:attachment":[{"href":"https:\/\/naissance-memoire.fr\/index.php?rest_route=%2Fwp%2Fv2%2Fmedia&parent=106"}],"curies":[{"name":"wp","href":"https:\/\/api.w.org\/{rel}","templated":true}]}}